{"id":97,"date":"2016-06-17T06:37:03","date_gmt":"2016-06-17T06:37:03","guid":{"rendered":"http:\/\/sicherewiesn.de\/wordpress\/?page_id=97"},"modified":"2025-07-01T12:09:20","modified_gmt":"2025-07-01T12:09:20","slug":"security-point","status":"publish","type":"page","link":"https:\/\/sicherewiesn.de\/wordpress\/hilfe-vor-ort\/security-point\/","title":{"rendered":"Safe Space"},"content":{"rendered":"\n<p><strong>Verunsichert? Bedroht? Bel\u00e4stigt?<\/strong><br><strong>Hier bekommst du Informationen, Hilfe und Beratung<\/strong><\/p>\n\n\n\n<h2 class=\"wp-block-heading\">Der Safe Space ist eine kostenlose Anlaufstelle:<\/h2>\n\n\n\n<ul class=\"wp-block-list\">\n<li>wenn du verunsichert bist<\/li>\n\n\n\n<li>wenn du dich&nbsp;bedroht f\u00fchlst und&nbsp;Unterst\u00fctzung f\u00fcr einen sicheren Nachhauseweg brauchst<\/li>\n\n\n\n<li>wenn du einen sexuellen \u00dcbergriff beobachtet&nbsp;hast und Rat m\u00f6chtest<\/li>\n\n\n\n<li>wenn du sexuell bel\u00e4stigt, gen\u00f6tigt oder vergewaltigt worden bist<\/li>\n<\/ul>\n\n\n\n<p>Der Safe Space ist ein Ruhepunkt im Trubel des Oktoberfestes, wo du zur Ruhe kommen kannst und sicher bist. Hier stehen dir erfahrene und geschulte Fachfrauen (Psychologinnen und Sozialp\u00e4dagoginnen) zur Verf\u00fcgung, die dir zuh\u00f6ren und mit denen du die n\u00e4chsten Schritte nach einer Bel\u00e4stigung, N\u00f6tigung oder Vergewaltigung besprechen kannst.<strong><br><\/strong><\/p>\n\n\n\n<h2 class=\"wp-block-heading\">Am Safe Space erh\u00e4ltst du:<\/h2>\n\n\n\n<ul class=\"wp-block-list\">\n<li>professionelle Unterst\u00fctzung und Beratung<\/li>\n\n\n\n<li>einen sicheren Ort, um auf vertraute Personen zu warten<\/li>\n\n\n\n<li>Hilfe bei der Organisation des Heimwegs oder Begleitung zum Taxi<\/li>\n\n\n\n<li>bei Bedarf Fahrdienst innerhalb M\u00fcnchens<\/li>\n\n\n\n<li>gegebenenfalls Begleitung zur Polizei<\/li>\n<\/ul>\n\n\n\n<p>ACHTUNG: Die Nachfrage nach unserem Angebot ist in den letzten Jahren sehr angestiegen und unsere r\u00e4umlichen und personellen Kapazit\u00e4ten kommen leider an ihre Grenzen. Aus diesem Grund k\u00f6nnen wir einen Service zum Handyladen dieses Jahr leider nicht mehr anbieten. Wir bitten hier um dein Verst\u00e4ndnis.<\/p>\n\n\n\n<p>Du findest uns im &#8222;Servicezentrum&#8220; auf der Theresienwiese, Eingang &#8222;Erste Hilfe&#8220;. Wenn du dort ankommst, wirst du am Eingang von uns im Empfang genommen. Hier geht es zum <a rel=\"noopener noreferrer\" href=\"\/\/sicherewiesn.de\/wordpress\/de\/lageplan\/\" target=\"_self\">Lageplan:<\/a><\/p>\n\n\n\n<figure class=\"wp-block-image size-large is-resized\"><img loading=\"lazy\" decoding=\"async\" width=\"1024\" height=\"1024\" src=\"https:\/\/sicherewiesn.de\/wordpress\/wp-content\/uploads\/2025\/07\/Lageplan-Safe-Space-1024x1024.png\" alt=\"\" class=\"wp-image-2141\" style=\"width:614px;height:auto\" srcset=\"https:\/\/sicherewiesn.de\/wordpress\/wp-content\/uploads\/2025\/07\/Lageplan-Safe-Space-1024x1024.png 1024w, https:\/\/sicherewiesn.de\/wordpress\/wp-content\/uploads\/2025\/07\/Lageplan-Safe-Space-300x300.png 300w, https:\/\/sicherewiesn.de\/wordpress\/wp-content\/uploads\/2025\/07\/Lageplan-Safe-Space-150x150.png 150w, https:\/\/sicherewiesn.de\/wordpress\/wp-content\/uploads\/2025\/07\/Lageplan-Safe-Space-768x768.png 768w, https:\/\/sicherewiesn.de\/wordpress\/wp-content\/uploads\/2025\/07\/Lageplan-Safe-Space.png 1417w\" sizes=\"auto, (max-width: 1024px) 100vw, 1024px\" \/><\/figure>\n\n\n\n<h2 class=\"wp-block-heading\">\u00d6ffnungszeiten:<\/h2>\n\n\n\n<p>t\u00e4glich von 18.00-1.00 Uhr sowie Fr\/Sa\/So, sowie am 2.&nbsp; und 3.10. von 15.30-01.00 Uhr<\/p>\n\n\n\n<h2 class=\"wp-block-heading\">NEUER Name:<\/h2>\n\n\n\n<p>Viele kenne den Safe Space vielleicht noch als <strong>Security Point.<\/strong> Dieser wurde 2021 in <strong>Safe Space<\/strong> umbenannt!<\/p>\n\n\n\n<hr class=\"wp-block-separator has-alpha-channel-opacity\"\/>\n\n\n\n<p><a href=\"\/\/sicherewiesn.de\/wordpress\/\">\u2039 zur\u00fcck zur Startseite<\/a><\/p>\n\n\n\n<p><\/p>\n<div class=\"shariff shariff-align-left shariff-widget-align-left\" data-services=\"facebook\" data-url=\"https:\/\/sicherewiesn.de\/wordpress\/hilfe-vor-ort\/security-point\/\" data-timestamp=\"1751371760\" data-backendurl=\"https:\/\/sicherewiesn.de\/wordpress\/wp-json\/shariff\/v1\/share_counts?\"><div class=\"ShariffHeadline\">Teile diesen Beitrag<\/div><ul class=\"shariff-buttons theme-round orientation-horizontal buttonsize-medium\"><li class=\"shariff-button facebook shariff-nocustomcolor\" style=\"background-color:#4273c8\"><a href=\"https:\/\/www.facebook.com\/sharer\/sharer.php?u=https%3A%2F%2Fsicherewiesn.de%2Fwordpress%2Fhilfe-vor-ort%2Fsecurity-point%2F\" title=\"Bei Facebook teilen\" aria-label=\"Bei Facebook teilen\" role=\"button\" rel=\"nofollow\" class=\"shariff-link\" style=\"; background-color:#3b5998; color:#fff\" target=\"_blank\"><span class=\"shariff-icon\" style=\"\"><svg width=\"32px\" height=\"20px\" xmlns=\"http:\/\/www.w3.org\/2000\/svg\" viewBox=\"0 0 18 32\"><path fill=\"#3b5998\" d=\"M17.1 0.2v4.7h-2.8q-1.5 0-2.1 0.6t-0.5 1.9v3.4h5.2l-0.7 5.3h-4.5v13.6h-5.5v-13.6h-4.5v-5.3h4.5v-3.9q0-3.3 1.9-5.2t5-1.8q2.6 0 4.1 0.2z\"\/><\/svg><\/span><\/a><\/li><li class=\"shariff-button twitter shariff-nocustomcolor\" style=\"background-color:#595959\"><a href=\"https:\/\/twitter.com\/share?url=https%3A%2F%2Fsicherewiesn.de%2Fwordpress%2Fhilfe-vor-ort%2Fsecurity-point%2F&text=Safe%20Space\" title=\"Bei X teilen\" aria-label=\"Bei X teilen\" role=\"button\" rel=\"noopener nofollow\" class=\"shariff-link\" style=\"; background-color:#000; color:#fff\" target=\"_blank\"><span class=\"shariff-icon\" style=\"\"><svg width=\"32px\" height=\"20px\" xmlns=\"http:\/\/www.w3.org\/2000\/svg\" viewBox=\"0 0 24 24\"><path fill=\"#000\" d=\"M14.258 10.152L23.176 0h-2.113l-7.747 8.813L7.133 0H0l9.352 13.328L0 23.973h2.113l8.176-9.309 6.531 9.309h7.133zm-2.895 3.293l-.949-1.328L2.875 1.56h3.246l6.086 8.523.945 1.328 7.91 11.078h-3.246zm0 0\"\/><\/svg><\/span><\/a><\/li><li class=\"shariff-button whatsapp shariff-nocustomcolor\" style=\"background-color:#5cbe4a\"><a href=\"https:\/\/api.whatsapp.com\/send?text=https%3A%2F%2Fsicherewiesn.de%2Fwordpress%2Fhilfe-vor-ort%2Fsecurity-point%2F%20Safe%20Space\" title=\"Bei Whatsapp teilen\" aria-label=\"Bei Whatsapp teilen\" role=\"button\" rel=\"noopener nofollow\" class=\"shariff-link\" style=\"; background-color:#34af23; color:#fff\" target=\"_blank\"><span class=\"shariff-icon\" style=\"\"><svg width=\"32px\" height=\"20px\" xmlns=\"http:\/\/www.w3.org\/2000\/svg\" viewBox=\"0 0 32 32\"><path fill=\"#34af23\" d=\"M17.6 17.4q0.2 0 1.7 0.8t1.6 0.9q0 0.1 0 0.3 0 0.6-0.3 1.4-0.3 0.7-1.3 1.2t-1.8 0.5q-1 0-3.4-1.1-1.7-0.8-3-2.1t-2.6-3.3q-1.3-1.9-1.3-3.5v-0.1q0.1-1.6 1.3-2.8 0.4-0.4 0.9-0.4 0.1 0 0.3 0t0.3 0q0.3 0 0.5 0.1t0.3 0.5q0.1 0.4 0.6 1.6t0.4 1.3q0 0.4-0.6 1t-0.6 0.8q0 0.1 0.1 0.3 0.6 1.3 1.8 2.4 1 0.9 2.7 1.8 0.2 0.1 0.4 0.1 0.3 0 1-0.9t0.9-0.9zM14 26.9q2.3 0 4.3-0.9t3.6-2.4 2.4-3.6 0.9-4.3-0.9-4.3-2.4-3.6-3.6-2.4-4.3-0.9-4.3 0.9-3.6 2.4-2.4 3.6-0.9 4.3q0 3.6 2.1 6.6l-1.4 4.2 4.3-1.4q2.8 1.9 6.2 1.9zM14 2.2q2.7 0 5.2 1.1t4.3 2.9 2.9 4.3 1.1 5.2-1.1 5.2-2.9 4.3-4.3 2.9-5.2 1.1q-3.5 0-6.5-1.7l-7.4 2.4 2.4-7.2q-1.9-3.2-1.9-6.9 0-2.7 1.1-5.2t2.9-4.3 4.3-2.9 5.2-1.1z\"\/><\/svg><\/span><\/a><\/li><\/ul><\/div>","protected":false},"excerpt":{"rendered":"<p>Verunsichert? Bedroht? Bel\u00e4stigt?Hier bekommst du Informationen, Hilfe und Beratung Der Safe Space ist eine kostenlose Anlaufstelle: Der Safe Space ist ein Ruhepunkt im Trubel des Oktoberfestes, wo du zur Ruhe kommen kannst und sicher bist. Hier stehen dir erfahrene und geschulte Fachfrauen (Psychologinnen und Sozialp\u00e4dagoginnen) zur Verf\u00fcgung, die dir zuh\u00f6ren und mit denen du die &#8230; <a title=\"Safe Space\" class=\"read-more\" href=\"https:\/\/sicherewiesn.de\/wordpress\/hilfe-vor-ort\/security-point\/\" aria-label=\"Mehr Informationen \u00fcber Safe Space\">Weiterlesen &#8230;<\/a><\/p>\n","protected":false},"author":1,"featured_media":0,"parent":139,"menu_order":0,"comment_status":"closed","ping_status":"closed","template":"","meta":{"generate_page_header":"","footnotes":""},"class_list":{"0":"post-97","1":"page","2":"type-page","3":"status-publish","5":"infinite-scroll-item"},"_links":{"self":[{"href":"https:\/\/sicherewiesn.de\/wordpress\/wp-json\/wp\/v2\/pages\/97","targetHints":{"allow":["GET"]}}],"collection":[{"href":"https:\/\/sicherewiesn.de\/wordpress\/wp-json\/wp\/v2\/pages"}],"about":[{"href":"https:\/\/sicherewiesn.de\/wordpress\/wp-json\/wp\/v2\/types\/page"}],"author":[{"embeddable":true,"href":"https:\/\/sicherewiesn.de\/wordpress\/wp-json\/wp\/v2\/users\/1"}],"replies":[{"embeddable":true,"href":"https:\/\/sicherewiesn.de\/wordpress\/wp-json\/wp\/v2\/comments?post=97"}],"version-history":[{"count":15,"href":"https:\/\/sicherewiesn.de\/wordpress\/wp-json\/wp\/v2\/pages\/97\/revisions"}],"predecessor-version":[{"id":2142,"href":"https:\/\/sicherewiesn.de\/wordpress\/wp-json\/wp\/v2\/pages\/97\/revisions\/2142"}],"up":[{"embeddable":true,"href":"https:\/\/sicherewiesn.de\/wordpress\/wp-json\/wp\/v2\/pages\/139"}],"wp:attachment":[{"href":"https:\/\/sicherewiesn.de\/wordpress\/wp-json\/wp\/v2\/media?parent=97"}],"curies":[{"name":"wp","href":"https:\/\/api.w.org\/{rel}","templated":true}]}}