{"id":53,"date":"2016-06-16T12:04:59","date_gmt":"2016-06-16T12:04:59","guid":{"rendered":"http:\/\/sicherewiesn.de\/wordpress\/?page_id=53"},"modified":"2023-06-02T13:12:40","modified_gmt":"2023-06-02T13:12:40","slug":"bezpecna-navsteva-na-wiesn-pro-divky-a-zeny","status":"publish","type":"page","link":"https:\/\/sicherewiesn.de\/wordpress\/bezpecna-navsteva-na-wiesn-pro-divky-a-zeny\/","title":{"rendered":"Bezpe\u010dn\u00e1 N\u00e1v\u0161t\u011bva na Wiesn pro d\u00edvky a \u017eeny"},"content":{"rendered":"<h2>P\u0159\u00edjemn\u011b a vesele se bavit \u2013 spole\u010dn\u011b oslavovat \u2013 sezn\u00e1mit se s nov\u00fdmi lidmi<\/h2>\n<p>Ale: Snadno se m\u016f\u017ee st\u00e1t, \u017ee ztrat\u00ed\u0161 najednou Tvou skupinu nebo Tv\u00e9 p\u0159\u00e1tel\u00e9\/p\u0159\u00edtelkyn\u011b, nap\u0159. proto\u017ee z d\u016fvodu p\u0159epln\u011bn\u00ed se uzav\u0159ely stany a hospody. A: Tak\u00e9 na Oktoberfestu dojde k hloup\u00e9mu sv\u00e1d\u011bn\u00ed, obt\u011b\u017eov\u00e1n\u00ed a sexu\u00e1ln\u00edmu napaden\u00ed.<\/p>\n<h2>Pfotn weg, i mog ned! &#8211; Ruce pry\u010d, nechci!<\/h2>\n<hr \/>\n<p>[lgc_column grid=&#8220;50&#8243; tablet_grid=&#8220;50&#8243; mobile_grid=&#8220;100&#8243; last=&#8220;false&#8220;]<\/p>\n<h2>Tipy pro bezpecnou n\u00e1v\u0161tevu Oktoberfestu na Wiesn<\/h2>\n<ul>\n<li>Ne\u017e pujde\u0161 na Oktoberfest, tak si s Tv\u00fdmi pr\u00e1teli\/pr\u00edtelkynemi sjednej bod setk\u00e1n\u00ed, napr. u rusk\u00e9ho kola nebo pred servisn\u00edm centrem.<\/li>\n<li>\u201eSurvival Kit\u201c: Trochu penez, mobiln\u00ed telefon, kl\u00edce a pr\u00edp. adresu hotelu mej a nos u sebe, na tele. Kabelka se mu\u017ee ztratit nebo ji mu\u017ee dokonce nekdo ukr\u00e1st.<\/li>\n<li>Pozor, K.O. kapky! U\u017e se vyskytovalo nekolik podezrel\u00fdch pr\u00edpadu na Oktoberfestu \u2013 Tvuj n\u00e1poj nikdy nenech\u00e1vej bez dozoru!<\/li>\n<li>Alkohol s m\u00edrou! Pokud pije\u0161 alkohol, tak pouze jen tolik, abys mohla i nad\u00e1le jasne myslet. Pivo na Oktober- festu je silnej\u0161\u00ed ne\u017e obvykl\u00e9 pivo. Objednej si chv\u00edlemi tak\u00e9 vodu nebo Radler (do poloviny pivo, dal\u0161\u00ed polovina limon\u00e1da). I kdy\u017e nekdo pozve na pivo, nemus\u00ed\u0161 se c\u00edtit povinna, ucinit to sam\u00e9.<\/li>\n<li>Spolehni se na Tvuj pocit a rekni ne, pokud neco nechce\u0161 nebo pokud je Ti neco nepr\u00edjemn\u00e9. O\u0161ahov\u00e1n\u00ed a hloup\u00e9 sv\u00e1den\u00ed si nemus\u00ed nikdo nechat l\u00edbit. Jasn\u00fdm \u201eStop!\u201c a \u201eNech toho!\u201c se jasne projev\u00ed a rekne, \u017ee se pres\u00e1hla Tv\u00e1 meze. Nekdy se zvrhne i pr\u00edjemn\u00e1, vesel\u00e1 situace a stane se nepr\u00edjemnou. I v takov\u00e9m pr\u00edpade je jasn\u00e9 \u201eStop!\u201c naprosto v por\u00e1dku.<\/li>\n<li>\u017d\u00e1dn\u00fd strach pred trapnost\u00ed: Mluv hlasite a rekny zretelne a jsne, co nechce\u0161\/ co Te zlob\u00ed, napr.: \u201eDejte ruce pryc ode mne!\u201c<\/li>\n<li>Preplnen\u00ed stanu, hospod: Stan, hospodu opust pouze spolecne se zn\u00e1mou osobou (napr. zakourit si, n\u00e1v\u0161teva toalety), abys nezustala st\u00e1t venku sama, kdy\u017e se stan, hospoda, zavre.<\/li>\n<li>V nouzov\u00e9m pr\u00edpade: Po\u017e\u00e1dej jin\u00e9 lidi o pomoc. Obrat se v\u017edy na urcitou konkr\u00e9tn\u00ed osobu: \u201eTy osoby v cerven\u00e9m svetru &#8230;!\u201c Podle mo\u017enosti privolej pomoc tak\u00e9 pr\u00edmo od Security person\u00e1lu stanu, hospody.<\/li>\n<li>Pro svou obranu vyu\u017ei ve\u0161ker\u00e9 mo\u017enosti, kter\u00e9 m\u00e1\u0161. Pokud je to potreba, tak vytoc a zavolej na c\u00edslo 110 (nouzov\u00e9 a z\u00e1chrann\u00e9 c\u00edslo policie).<\/li>\n<li>Zorganizuj si bezpecnou cestu domu: Nikdy neopou\u0161tej Oktoberfest sama nebo s nek\u00fdm, s k\u00fdm si se pr\u00e1ve sezn\u00e1mila. Pokud se nec\u00edt\u00ed\u0161 dobre, pripoj se na ceste domu napr. ke skupine \u017een nebo sm\u00ed\u0161en\u00e9 skupine.<\/li>\n<li>Unaven\u00e1?! Na \u00fazem\u00ed Oktoberfestu si nikdy nelehnete na zem ke span\u00ed! Pokud si unaven\u00e1 nebo opil\u00e1 resp. se Ti ztratila Tv\u00e1 skupina, tak prijd ke stanovi\u0161ti Security Point. Pomoc na Oktoberfestu<\/li>\n<\/ul>\n<p>[\/lgc_column]<\/p>\n<p>[lgc_column grid=&#8220;50&#8243; tablet_grid=&#8220;50&#8243; mobile_grid=&#8220;100&#8243; last=&#8220;true&#8220;]<\/p>\n<h2>Jestli-\u017ee najednou stoj\u00ed\u0161 nekde na Wiesn sama\u2026,<\/h2>\n<p>pokud nev\u00ed\u0161, jak mu\u017ee\u0161 opet naj\u00edt Tv\u00e9 pr\u00e1tel\u00e9, pr\u00edtelkyne\u2026,<br \/>\npokud nev\u00ed\u0161, kde mu\u017ee\u0161 prenocovat\u2026,<br \/>\npokud jsi unaven\u00e1 nebo opil\u00e1\u2026,<br \/>\npokud m\u00e1\u0161 pocit nejistoty nebo se c\u00edt\u00ed\u0161 b\u00fdt ohro\u017eena&#8230;,<br \/>\npokud Te nekdo obte\u017euje nebo o\u0161ah\u00e1v\u00e1 nebo pokud jsi dokonce byla zn\u00e1silnen\u00e1&#8230;<br \/>\n\u2026 pak najde\u0161 pomoc u n\u00e1s pr\u00edmo na Oktoberfestu.<\/p>\n<p><strong>SECURITY POINT PRO D\u00cdVKY A \u017dENY<\/strong><br \/>\nV servisn\u00edm centru, vzadu za stanem Schottenhamelzelt<br \/>\nVchod \u201ePrvn\u00ed pomoc\u201c<br \/>\nOtev\u00edrac\u00ed doba: denne od 18 &#8211; 1 hod., v sobotu dodatecne od 15 hod.<\/p>\n<p>Telefon <a href=\"tel:+49898905745188\">+49 (0)89 \/ 890 57 45 188<\/a><\/p>\n<p>[\/lgc_column]<\/p>\n<div class=\"shariff shariff-align-left shariff-widget-align-left\" data-services=\"facebook\" data-url=\"https:\/\/sicherewiesn.de\/wordpress\/bezpecna-navsteva-na-wiesn-pro-divky-a-zeny\/\" data-timestamp=\"1685711560\" data-backendurl=\"https:\/\/sicherewiesn.de\/wordpress\/wp-json\/shariff\/v1\/share_counts?\"><div class=\"ShariffHeadline\">Teile diesen Beitrag<\/div><ul class=\"shariff-buttons theme-round orientation-horizontal buttonsize-medium\"><li class=\"shariff-button facebook shariff-nocustomcolor\" style=\"background-color:#4273c8\"><a href=\"https:\/\/www.facebook.com\/sharer\/sharer.php?u=https%3A%2F%2Fsicherewiesn.de%2Fwordpress%2Fbezpecna-navsteva-na-wiesn-pro-divky-a-zeny%2F\" title=\"Bei Facebook teilen\" aria-label=\"Bei Facebook teilen\" role=\"button\" rel=\"nofollow\" class=\"shariff-link\" style=\"; background-color:#3b5998; color:#fff\" target=\"_blank\"><span class=\"shariff-icon\" style=\"\"><svg width=\"32px\" height=\"20px\" xmlns=\"http:\/\/www.w3.org\/2000\/svg\" viewBox=\"0 0 18 32\"><path fill=\"#3b5998\" d=\"M17.1 0.2v4.7h-2.8q-1.5 0-2.1 0.6t-0.5 1.9v3.4h5.2l-0.7 5.3h-4.5v13.6h-5.5v-13.6h-4.5v-5.3h4.5v-3.9q0-3.3 1.9-5.2t5-1.8q2.6 0 4.1 0.2z\"\/><\/svg><\/span><\/a><\/li><li class=\"shariff-button twitter shariff-nocustomcolor\" style=\"background-color:#595959\"><a href=\"https:\/\/twitter.com\/share?url=https%3A%2F%2Fsicherewiesn.de%2Fwordpress%2Fbezpecna-navsteva-na-wiesn-pro-divky-a-zeny%2F&text=Bezpe%C4%8Dn%C3%A1%20N%C3%A1v%C5%A1t%C4%9Bva%20na%20Wiesn%20pro%20d%C3%ADvky%20a%20%C5%BEeny\" title=\"Bei X teilen\" aria-label=\"Bei X teilen\" role=\"button\" rel=\"noopener nofollow\" class=\"shariff-link\" style=\"; background-color:#000; color:#fff\" target=\"_blank\"><span class=\"shariff-icon\" style=\"\"><svg width=\"32px\" height=\"20px\" xmlns=\"http:\/\/www.w3.org\/2000\/svg\" viewBox=\"0 0 24 24\"><path fill=\"#000\" d=\"M14.258 10.152L23.176 0h-2.113l-7.747 8.813L7.133 0H0l9.352 13.328L0 23.973h2.113l8.176-9.309 6.531 9.309h7.133zm-2.895 3.293l-.949-1.328L2.875 1.56h3.246l6.086 8.523.945 1.328 7.91 11.078h-3.246zm0 0\"\/><\/svg><\/span><\/a><\/li><li class=\"shariff-button whatsapp shariff-nocustomcolor\" style=\"background-color:#5cbe4a\"><a href=\"https:\/\/api.whatsapp.com\/send?text=https%3A%2F%2Fsicherewiesn.de%2Fwordpress%2Fbezpecna-navsteva-na-wiesn-pro-divky-a-zeny%2F%20Bezpe%C4%8Dn%C3%A1%20N%C3%A1v%C5%A1t%C4%9Bva%20na%20Wiesn%20pro%20d%C3%ADvky%20a%20%C5%BEeny\" title=\"Bei Whatsapp teilen\" aria-label=\"Bei Whatsapp teilen\" role=\"button\" rel=\"noopener nofollow\" class=\"shariff-link\" style=\"; background-color:#34af23; color:#fff\" target=\"_blank\"><span class=\"shariff-icon\" style=\"\"><svg width=\"32px\" height=\"20px\" xmlns=\"http:\/\/www.w3.org\/2000\/svg\" viewBox=\"0 0 32 32\"><path fill=\"#34af23\" d=\"M17.6 17.4q0.2 0 1.7 0.8t1.6 0.9q0 0.1 0 0.3 0 0.6-0.3 1.4-0.3 0.7-1.3 1.2t-1.8 0.5q-1 0-3.4-1.1-1.7-0.8-3-2.1t-2.6-3.3q-1.3-1.9-1.3-3.5v-0.1q0.1-1.6 1.3-2.8 0.4-0.4 0.9-0.4 0.1 0 0.3 0t0.3 0q0.3 0 0.5 0.1t0.3 0.5q0.1 0.4 0.6 1.6t0.4 1.3q0 0.4-0.6 1t-0.6 0.8q0 0.1 0.1 0.3 0.6 1.3 1.8 2.4 1 0.9 2.7 1.8 0.2 0.1 0.4 0.1 0.3 0 1-0.9t0.9-0.9zM14 26.9q2.3 0 4.3-0.9t3.6-2.4 2.4-3.6 0.9-4.3-0.9-4.3-2.4-3.6-3.6-2.4-4.3-0.9-4.3 0.9-3.6 2.4-2.4 3.6-0.9 4.3q0 3.6 2.1 6.6l-1.4 4.2 4.3-1.4q2.8 1.9 6.2 1.9zM14 2.2q2.7 0 5.2 1.1t4.3 2.9 2.9 4.3 1.1 5.2-1.1 5.2-2.9 4.3-4.3 2.9-5.2 1.1q-3.5 0-6.5-1.7l-7.4 2.4 2.4-7.2q-1.9-3.2-1.9-6.9 0-2.7 1.1-5.2t2.9-4.3 4.3-2.9 5.2-1.1z\"\/><\/svg><\/span><\/a><\/li><\/ul><\/div>","protected":false},"excerpt":{"rendered":"<p>P\u0159\u00edjemn\u011b a vesele se bavit \u2013 spole\u010dn\u011b oslavovat \u2013 sezn\u00e1mit se s nov\u00fdmi lidmi Ale: Snadno se m\u016f\u017ee st\u00e1t, \u017ee ztrat\u00ed\u0161 najednou Tvou skupinu nebo Tv\u00e9 p\u0159\u00e1tel\u00e9\/p\u0159\u00edtelkyn\u011b, nap\u0159. proto\u017ee z d\u016fvodu p\u0159epln\u011bn\u00ed se uzav\u0159ely stany a hospody. A: Tak\u00e9 na Oktoberfestu dojde k hloup\u00e9mu sv\u00e1d\u011bn\u00ed, obt\u011b\u017eov\u00e1n\u00ed a sexu\u00e1ln\u00edmu napaden\u00ed. Pfotn weg, i mog ned! &#8211; &#8230; <a title=\"Bezpe\u010dn\u00e1 N\u00e1v\u0161t\u011bva na Wiesn pro d\u00edvky a \u017eeny\" class=\"read-more\" href=\"https:\/\/sicherewiesn.de\/wordpress\/bezpecna-navsteva-na-wiesn-pro-divky-a-zeny\/\" aria-label=\"Mehr Informationen \u00fcber Bezpe\u010dn\u00e1 N\u00e1v\u0161t\u011bva na Wiesn pro d\u00edvky a \u017eeny\">Weiterlesen &#8230;<\/a><\/p>\n","protected":false},"author":1,"featured_media":0,"parent":0,"menu_order":0,"comment_status":"closed","ping_status":"closed","template":"","meta":{"generate_page_header":"","footnotes":""},"class_list":{"0":"post-53","1":"page","2":"type-page","3":"status-publish","5":"infinite-scroll-item"},"_links":{"self":[{"href":"https:\/\/sicherewiesn.de\/wordpress\/wp-json\/wp\/v2\/pages\/53","targetHints":{"allow":["GET"]}}],"collection":[{"href":"https:\/\/sicherewiesn.de\/wordpress\/wp-json\/wp\/v2\/pages"}],"about":[{"href":"https:\/\/sicherewiesn.de\/wordpress\/wp-json\/wp\/v2\/types\/page"}],"author":[{"embeddable":true,"href":"https:\/\/sicherewiesn.de\/wordpress\/wp-json\/wp\/v2\/users\/1"}],"replies":[{"embeddable":true,"href":"https:\/\/sicherewiesn.de\/wordpress\/wp-json\/wp\/v2\/comments?post=53"}],"version-history":[{"count":5,"href":"https:\/\/sicherewiesn.de\/wordpress\/wp-json\/wp\/v2\/pages\/53\/revisions"}],"predecessor-version":[{"id":958,"href":"https:\/\/sicherewiesn.de\/wordpress\/wp-json\/wp\/v2\/pages\/53\/revisions\/958"}],"wp:attachment":[{"href":"https:\/\/sicherewiesn.de\/wordpress\/wp-json\/wp\/v2\/media?parent=53"}],"curies":[{"name":"wp","href":"https:\/\/api.w.org\/{rel}","templated":true}]}}