{"id":49,"date":"2016-06-16T12:03:23","date_gmt":"2016-06-16T12:03:23","guid":{"rendered":"http:\/\/sicherewiesn.de\/wordpress\/?page_id=49"},"modified":"2023-06-02T13:14:34","modified_gmt":"2023-06-02T13:14:34","slug":"una-oktoberfest-segura-para-chica-y-mujeres","status":"publish","type":"page","link":"https:\/\/sicherewiesn.de\/wordpress\/una-oktoberfest-segura-para-chica-y-mujeres\/","title":{"rendered":"Una Oktoberfest segura para chica y mujeres"},"content":{"rendered":"<h2><b>Divertirse \u2013 celebrar juntos \u2013 conocer gente<\/b><\/h2>\n<p>Pero: F\u00e1cilmente puede ocurrir que pierdas a tu grupo o a tus amigos\/as, porque, por ejemplo, las carpas se cierran cuando est\u00e1n muy llenas. Y: En la Oktoberfest tambi\u00e9n hay piropos tontos, acosos y abusos sexuales.<\/p>\n<h2>\u00a1Quita las manos, no quiero!<\/h2>\n<hr \/>\n<p>[lgc_column grid=&#8220;50&#8243; tablet_grid=&#8220;50&#8243; mobile_grid=&#8220;100&#8243; last=&#8220;false&#8220;]<\/p>\n<h2>Consejos para una visita segura a la Oktoberfest<\/h2>\n<ul>\n<li>Concierta un punto de encuentro con tus amigos\/as antes de ir a la Oktoberfest, por ejemplo, junto a la noria o frente al centro de servicios.<\/li>\n<li>\u201cKit de supervivencia\u201c: Lleva contra el cuerpo algo de dinero, el tel\u00e9fono m\u00f3vil, la llave y, eventualmente, la direcci\u00f3n del hotel. Un bolso de mano puede perderse o ser robado.<\/li>\n<li>\u00a1Cuidado con las gotas de GHB! Ya ha habido varios casos sospechosos en la Oktoberfest. \u00a1Nunca pierdas de vista tu bebida!<\/li>\n<li>\u00a1Alcohol con moderaci\u00f3n! Si bebes alcohol, hazlo s\u00f3lo hasta donde a\u00fan puedas pensar con claridad. La cerveza en la Oktoberfest es m\u00e1s fuerte que la com\u00fan. Solicita tambi\u00e9n, de por medio, un agua o un \u201cRadler\u201d (mitad cerveza, mitad limonada). Incluso si alguien invita una ronda de cerveza, no debes sentirte obligada a nada.<\/li>\n<li>Conf\u00eda en tu presentimiento y di no si encuentras algo desagradable. Nadie debe tolerar ser acosada ni cogida. Un claro \u201c\u00a1Det\u00e9ngase!\u201d y \u201c\u00a1Basta!\u201d dejar\u00e1n en claro que para ti se ha alcanzado el l\u00edmite. A veces tambi\u00e9n una situaci\u00f3n agradable y graciosa se convierte en desagradable. Tambi\u00e9n en este caso es adecuado un \u201c\u00a1Det\u00e9ngase!\u201d.<\/li>\n<li>No tengas miedo de las situaciones lamentables: Habla fuerte y di claramente lo que no quieres o te molesta, por ejemplo: \u201c\u00a1Quite sus manos de m\u00ed!\u201d<\/li>\n<li>Carpas llenas: S\u00f3lo abandona la carpa junto con una persona de confianza (por ejemplo, para fumar o para ir al ba\u00f1o) para no encontrarte sola cuando se cierre la carpa.<\/li>\n<li>En caso de emergencia: Pide a otros que te ayuden. Dir\u00edgete a una persona concreta: \u201c\u00a1Usted, el del pul\u00f3ver rojo\u2026!\u201d Si puedes, busca tambi\u00e9n directamente ayuda del personal de seguridad de la carpa.<\/li>\n<li>Utiliza todas las posibilidades que tienes para defenderte. Si es posible, llama al 110 (polic\u00eda).<\/li>\n<li>Organiza un camino seguro a casa: No abandones la Oktoberfest sola o con alguien que acabas de conocer. Si te sientes mal, en el camino de regreso \u00fanete, por ejemplo, a un grupo de mujeres o a un grupo mixto.<\/li>\n<li>\u00a1\u00bfEst\u00e1s cansada?! \u00a1No te acuestes a dormir en el recinto! Si est\u00e1s cansada o has bebido de m\u00e1s o si has perdido a tu grupo de amigos, por favor ven al Security Point (Observatorio de la Seguridad). Ayuda en la Oktoberfest<\/li>\n<\/ul>\n<p>[\/lgc_column]<\/p>\n<p>[lgc_column grid=&#8220;50&#8243; tablet_grid=&#8220;50&#8243; mobile_grid=&#8220;100&#8243; last=&#8220;true&#8220;]<\/p>\n<h2>Si de pronto te encuentras sola\u2026,<\/h2>\n<p>si no sabes c\u00f3mo hacer para volver a encontrar a tus amigos\/as\u2026,<\/p>\n<p>si no sabes d\u00f3nde pasar la noche\u2026,<br \/>\nsi est\u00e1s cansada o has bebido de m\u00e1s\u2026,<br \/>\nsi te sientes amenazada o confundida&#8230;,<br \/>\nsi has sido acosada o manoseada o incluso violada&#8230;<br \/>\n\u2026 te ayudaremos directamente en la Oktoberfest.<\/p>\n<p><strong>SECURITY POINT PARA CHICAS Y MUJERES<\/strong><\/p>\n<p>En el centro de servicios detr\u00e1s de la carpa Schottenhamel<br \/>\nEntrada \u201c Primeros auxilios\u201c<br \/>\nHorarios de atenci\u00f3n: todos los d\u00edas de 18 &#8211; 1 h, s\u00e1bados tambi\u00e9n desde las 15 hs.<\/p>\n<p>Tel\u00e9fono <a href=\"tel:+49898905745188\">+49 (0)89 \/ 890 57 45 188<\/a><\/p>\n<p>[\/lgc_column]<\/p>\n<hr \/>\n<p style=\"text-align: center;\">una acci\u00f3n de AMYNA, IMMA y Frauennotruf M\u00fcnchen<br \/>\nen cooperaci\u00f3n con la fundaci\u00f3n \u201cH\u00e4nsel+Gretel\u201c<br \/>\nrespaldada por la capital del Land, Munich, Departamento de Servicios Sociales<\/p>\n<div class=\"shariff shariff-align-left shariff-widget-align-left\" data-services=\"facebook\" data-url=\"https:\/\/sicherewiesn.de\/wordpress\/una-oktoberfest-segura-para-chica-y-mujeres\/\" data-timestamp=\"1685711674\" data-backendurl=\"https:\/\/sicherewiesn.de\/wordpress\/wp-json\/shariff\/v1\/share_counts?\"><div class=\"ShariffHeadline\">Teile diesen Beitrag<\/div><ul class=\"shariff-buttons theme-round orientation-horizontal buttonsize-medium\"><li class=\"shariff-button facebook shariff-nocustomcolor\" style=\"background-color:#4273c8\"><a href=\"https:\/\/www.facebook.com\/sharer\/sharer.php?u=https%3A%2F%2Fsicherewiesn.de%2Fwordpress%2Funa-oktoberfest-segura-para-chica-y-mujeres%2F\" title=\"Bei Facebook teilen\" aria-label=\"Bei Facebook teilen\" role=\"button\" rel=\"nofollow\" class=\"shariff-link\" style=\"; background-color:#3b5998; color:#fff\" target=\"_blank\"><span class=\"shariff-icon\" style=\"\"><svg width=\"32px\" height=\"20px\" xmlns=\"http:\/\/www.w3.org\/2000\/svg\" viewBox=\"0 0 18 32\"><path fill=\"#3b5998\" d=\"M17.1 0.2v4.7h-2.8q-1.5 0-2.1 0.6t-0.5 1.9v3.4h5.2l-0.7 5.3h-4.5v13.6h-5.5v-13.6h-4.5v-5.3h4.5v-3.9q0-3.3 1.9-5.2t5-1.8q2.6 0 4.1 0.2z\"\/><\/svg><\/span><\/a><\/li><li class=\"shariff-button twitter shariff-nocustomcolor\" style=\"background-color:#595959\"><a href=\"https:\/\/twitter.com\/share?url=https%3A%2F%2Fsicherewiesn.de%2Fwordpress%2Funa-oktoberfest-segura-para-chica-y-mujeres%2F&text=Una%20Oktoberfest%20segura%20para%20chica%20y%20mujeres\" title=\"Bei X teilen\" aria-label=\"Bei X teilen\" role=\"button\" rel=\"noopener nofollow\" class=\"shariff-link\" style=\"; background-color:#000; color:#fff\" target=\"_blank\"><span class=\"shariff-icon\" style=\"\"><svg width=\"32px\" height=\"20px\" xmlns=\"http:\/\/www.w3.org\/2000\/svg\" viewBox=\"0 0 24 24\"><path fill=\"#000\" d=\"M14.258 10.152L23.176 0h-2.113l-7.747 8.813L7.133 0H0l9.352 13.328L0 23.973h2.113l8.176-9.309 6.531 9.309h7.133zm-2.895 3.293l-.949-1.328L2.875 1.56h3.246l6.086 8.523.945 1.328 7.91 11.078h-3.246zm0 0\"\/><\/svg><\/span><\/a><\/li><li class=\"shariff-button whatsapp shariff-nocustomcolor\" style=\"background-color:#5cbe4a\"><a href=\"https:\/\/api.whatsapp.com\/send?text=https%3A%2F%2Fsicherewiesn.de%2Fwordpress%2Funa-oktoberfest-segura-para-chica-y-mujeres%2F%20Una%20Oktoberfest%20segura%20para%20chica%20y%20mujeres\" title=\"Bei Whatsapp teilen\" aria-label=\"Bei Whatsapp teilen\" role=\"button\" rel=\"noopener nofollow\" class=\"shariff-link\" style=\"; background-color:#34af23; color:#fff\" target=\"_blank\"><span class=\"shariff-icon\" style=\"\"><svg width=\"32px\" height=\"20px\" xmlns=\"http:\/\/www.w3.org\/2000\/svg\" viewBox=\"0 0 32 32\"><path fill=\"#34af23\" d=\"M17.6 17.4q0.2 0 1.7 0.8t1.6 0.9q0 0.1 0 0.3 0 0.6-0.3 1.4-0.3 0.7-1.3 1.2t-1.8 0.5q-1 0-3.4-1.1-1.7-0.8-3-2.1t-2.6-3.3q-1.3-1.9-1.3-3.5v-0.1q0.1-1.6 1.3-2.8 0.4-0.4 0.9-0.4 0.1 0 0.3 0t0.3 0q0.3 0 0.5 0.1t0.3 0.5q0.1 0.4 0.6 1.6t0.4 1.3q0 0.4-0.6 1t-0.6 0.8q0 0.1 0.1 0.3 0.6 1.3 1.8 2.4 1 0.9 2.7 1.8 0.2 0.1 0.4 0.1 0.3 0 1-0.9t0.9-0.9zM14 26.9q2.3 0 4.3-0.9t3.6-2.4 2.4-3.6 0.9-4.3-0.9-4.3-2.4-3.6-3.6-2.4-4.3-0.9-4.3 0.9-3.6 2.4-2.4 3.6-0.9 4.3q0 3.6 2.1 6.6l-1.4 4.2 4.3-1.4q2.8 1.9 6.2 1.9zM14 2.2q2.7 0 5.2 1.1t4.3 2.9 2.9 4.3 1.1 5.2-1.1 5.2-2.9 4.3-4.3 2.9-5.2 1.1q-3.5 0-6.5-1.7l-7.4 2.4 2.4-7.2q-1.9-3.2-1.9-6.9 0-2.7 1.1-5.2t2.9-4.3 4.3-2.9 5.2-1.1z\"\/><\/svg><\/span><\/a><\/li><\/ul><\/div>","protected":false},"excerpt":{"rendered":"<p>Divertirse \u2013 celebrar juntos \u2013 conocer gente Pero: F\u00e1cilmente puede ocurrir que pierdas a tu grupo o a tus amigos\/as, porque, por ejemplo, las carpas se cierran cuando est\u00e1n muy llenas. Y: En la Oktoberfest tambi\u00e9n hay piropos tontos, acosos y abusos sexuales. \u00a1Quita las manos, no quiero! [lgc_column grid=&#8220;50&#8243; tablet_grid=&#8220;50&#8243; mobile_grid=&#8220;100&#8243; last=&#8220;false&#8220;] Consejos para &#8230; <a title=\"Una Oktoberfest segura para chica y mujeres\" class=\"read-more\" href=\"https:\/\/sicherewiesn.de\/wordpress\/una-oktoberfest-segura-para-chica-y-mujeres\/\" aria-label=\"Mehr Informationen \u00fcber Una Oktoberfest segura para chica y mujeres\">Weiterlesen &#8230;<\/a><\/p>\n","protected":false},"author":1,"featured_media":0,"parent":0,"menu_order":0,"comment_status":"closed","ping_status":"closed","template":"","meta":{"generate_page_header":"","footnotes":""},"class_list":{"0":"post-49","1":"page","2":"type-page","3":"status-publish","5":"infinite-scroll-item"},"_links":{"self":[{"href":"https:\/\/sicherewiesn.de\/wordpress\/wp-json\/wp\/v2\/pages\/49","targetHints":{"allow":["GET"]}}],"collection":[{"href":"https:\/\/sicherewiesn.de\/wordpress\/wp-json\/wp\/v2\/pages"}],"about":[{"href":"https:\/\/sicherewiesn.de\/wordpress\/wp-json\/wp\/v2\/types\/page"}],"author":[{"embeddable":true,"href":"https:\/\/sicherewiesn.de\/wordpress\/wp-json\/wp\/v2\/users\/1"}],"replies":[{"embeddable":true,"href":"https:\/\/sicherewiesn.de\/wordpress\/wp-json\/wp\/v2\/comments?post=49"}],"version-history":[{"count":6,"href":"https:\/\/sicherewiesn.de\/wordpress\/wp-json\/wp\/v2\/pages\/49\/revisions"}],"predecessor-version":[{"id":956,"href":"https:\/\/sicherewiesn.de\/wordpress\/wp-json\/wp\/v2\/pages\/49\/revisions\/956"}],"wp:attachment":[{"href":"https:\/\/sicherewiesn.de\/wordpress\/wp-json\/wp\/v2\/media?parent=49"}],"curies":[{"name":"wp","href":"https:\/\/api.w.org\/{rel}","templated":true}]}}