{"id":45,"date":"2016-06-16T12:01:57","date_gmt":"2016-06-16T12:01:57","guid":{"rendered":"http:\/\/sicherewiesn.de\/wordpress\/?page_id=45"},"modified":"2023-06-02T13:13:48","modified_gmt":"2023-06-02T13:13:48","slug":"une-fete-de-la-biere-en-toute-securite-pour-les-femmes-et-les-jeunes-filles","status":"publish","type":"page","link":"https:\/\/sicherewiesn.de\/wordpress\/une-fete-de-la-biere-en-toute-securite-pour-les-femmes-et-les-jeunes-filles\/","title":{"rendered":"Une F\u00eate de la Bi\u00e8re en toute s\u00e9curit\u00e9 pour les femmes et les jeunes filles"},"content":{"rendered":"<h2>S\u2019amuser \u2013 Faire la f\u00eate ensemble \u2013 Nouer des contacts<\/h2>\n<p>Mais \u2026 c\u2019est vite arriv\u00e9, tu peux facilement perdre de vue ta clique ou tes ami(e)s, par ex. lorsque les tentes ferment leurs portes parce qu\u2019elles sont trop pleines. Et\u2026 il y a aussi la drague lourde, le harc\u00e8lement et les agressions sexuelles \u00e0 la F\u00eate de la Bi\u00e8re.<\/p>\n<h2>Bas les pattes, j\u2019ai pas envie !<\/h2>\n<hr \/>\n<p>[lgc_column grid=&#8220;50&#8243; tablet_grid=&#8220;50&#8243; mobile_grid=&#8220;100&#8243; last=&#8220;false&#8220;]<\/p>\n<h2>Conseils pour une visite \u00e0 la F\u00eate de la Bi\u00e8re en toute s\u00e9curit\u00e9<\/h2>\n<ul>\n<li>Conviens d\u2019un lieu de rencontre avec des ami(e)s avant d\u2019aller \u00e0 la F\u00eate de la Bi\u00e8re, par ex. la Grande Roue ou devant le Servicezentrum (Centre de service).\u00ab Kit de survie \u00bb : Porte un peu d\u2019argent sur toi, ton t\u00e9l\u00e9phone mobile, tes cl\u00e9s et \u00e9ventuellement l\u2019adresse de l\u2019h\u00f4tel o\u00f9 tu s\u00e9journes. Un sac \u00e0 main peut \u00eatre perdu ou vol\u00e9.<\/li>\n<li>Attention aux gouttes KO ! On soup\u00e7onne d\u00e9j\u00e0 plusieurs cas \u00e0 la F\u00eate de la Bi\u00e8re. Ne laisse jamais ton verre sans surveillance !<\/li>\n<li>L\u2019alcool en quantit\u00e9 raisonnable ! Bois en quantit\u00e9 raisonnable pour garder la t\u00eate claire si tu bois de l\u2019alcool. Note bien que la bi\u00e8re servie \u00e0 l\u2019Oktoberfest est plus forte que la bi\u00e8re habituelle. Commande de l\u2019eau ou un panach\u00e9 (moiti\u00e9 bi\u00e8re, moiti\u00e9 limonade) entre deux bi\u00e8res. Tu n\u2019es pas oblig\u00e9e de fournir une contrepartie si quelqu\u2019un offre la tourn\u00e9e.<\/li>\n<li>Fais confiance \u00e0 ton intuition et n\u2019h\u00e9site pas \u00e0 dire non si quelque chose te semble d\u00e9sagr\u00e9able. Personne n\u2019a besoin de subir des attouchements ou de se faire draguer lourdement. Un \u00ab Stop ! \u00bb et un \u00ab Arr\u00eatez cela ! \u00bb distincts indiquent que les limites sont atteintes. Il arrive parfois qu\u2019une situation sympa et amusante devienne d\u00e9sagr\u00e9able. Ici aussi, n\u2019h\u00e9site pas \u00e0 dire \u00ab Stop ! \u00bb.<\/li>\n<li>N\u2019aies pas peur d\u2019\u00eatre ridicule : dis \u00e0 voix haute et distinctement ce que tu ne veux pas\/ce qui te met en col\u00e8re. Par ex. : \u00ab Arr\u00eatez de me toucher ! \u00bb.<\/li>\n<li>Les tentes sont pleines \u00e0 craquer : ne quitte la tente qu\u2019en compagnie d\u2019une personne en qui tu as confiance (par ex. pour fumer, aller aux toilettes) afin de ne pas rester seule lorsque la tente fermera.<\/li>\n<li>En cas de situation dangereuse : demande de l\u2019aide aux autres personnes pr\u00e9sentes. Adresse-toi concr\u00e8tement et directement \u00e0 une personne : \u00ab H\u00e9, toi avec le pull rouge\u2026 ! \u00bb. Demande si possible de l\u2019aide aupr\u00e8s du personnel de s\u00e9curit\u00e9 de la tente.<\/li>\n<li>Utilise toutes les possibilit\u00e9s qui te sont donn\u00e9es pour te d\u00e9fendre. Appelle si possible le n\u00b0 110 (police secours).<\/li>\n<li>Organise un trajet de retour en toute s\u00e9curit\u00e9 : ne quitte jamais la F\u00eate de la Bi\u00e8re seule ou avec quelqu\u2019un dont tu viens juste de faire la connaissance. Si tu ne te sens pas \u00e0 l\u2019aise, joins-toi \u00e0 un groupe de femme ou un groupe mixte.<\/li>\n<li>Fatigu\u00e9e ? Ne t\u2019allonge pas sur le terrain pour dormir ! Si tu es fatigu\u00e9e ou ivre ou si tu as perdu ta clique de vue, rends-toi au Security Point. Assistance sur le site de la F\u00eate de la Bi\u00e8re<\/li>\n<\/ul>\n<p>[\/lgc_column]<\/p>\n<p>[lgc_column grid=&#8220;50&#8243; tablet_grid=&#8220;50&#8243; mobile_grid=&#8220;100&#8243; last=&#8220;true&#8220;]<\/p>\n<h2>Si tu es soudain seule\u2026,<\/h2>\n<p>si tu ne sais pas comment retrouver tes ami(e)s\u2026,<br \/>\nsi tu ne sais pas o\u00f9 passer la nuit\u2026,<br \/>\nsi tu es fatigu\u00e9e ou ivre\u2026,<br \/>\nsi tu te sens menac\u00e9es ou tout simplement pas en s\u00e9curit\u00e9\u2026,<br \/>\nsi tu as \u00e9t\u00e9 importun\u00e9e, subi des attouchements ou m\u00eame viol\u00e9e\u2026<br \/>\n\u2026 tu trouveras de l\u2019aide directement sur l\u2019aire de la F\u00eate de la Bi\u00e8re.<\/p>\n<p><strong>POINT DE S\u00c9CURIT\u00c9 (SECURITY POINT) POUR JEUNES FILLES ET FEMMES<\/strong><br \/>\nCentre de service derri\u00e8re la tente Schottenhamel<br \/>\nEntr\u00e9e \u00ab Premier soins \u00bb<br \/>\nHoraires d\u2019ouverture : tous les jours de 18h \u00e0 1h, samedi \u00e0 partir de 15h<br \/>\nT\u00e9l\u00e9phone : <a href=\"tel:+49898905745188\">+49 (0)89 \/ 890 57 45 188<\/a><\/p>\n<p>[\/lgc_column]<\/p>\n<hr \/>\n<p style=\"text-align: center;\">Une action des associations AMYNA, IMMA et Frauennotruf M\u00fcnchen<br \/>\nEn coop\u00e9ration avec la fondation \u00ab H\u00e4nsel+Gretel \u00bb<br \/>\nSoutenue par la capitale du Land, Munich (Landeshauptstadt M\u00fcnchen), Service social (Sozialreferat)<\/p>\n<div class=\"shariff shariff-align-left shariff-widget-align-left\" data-services=\"facebook\" data-url=\"https:\/\/sicherewiesn.de\/wordpress\/une-fete-de-la-biere-en-toute-securite-pour-les-femmes-et-les-jeunes-filles\/\" data-timestamp=\"1685711628\" data-backendurl=\"https:\/\/sicherewiesn.de\/wordpress\/wp-json\/shariff\/v1\/share_counts?\"><div class=\"ShariffHeadline\">Teile diesen Beitrag<\/div><ul class=\"shariff-buttons theme-round orientation-horizontal buttonsize-medium\"><li class=\"shariff-button facebook shariff-nocustomcolor\" style=\"background-color:#4273c8\"><a href=\"https:\/\/www.facebook.com\/sharer\/sharer.php?u=https%3A%2F%2Fsicherewiesn.de%2Fwordpress%2Fune-fete-de-la-biere-en-toute-securite-pour-les-femmes-et-les-jeunes-filles%2F\" title=\"Bei Facebook teilen\" aria-label=\"Bei Facebook teilen\" role=\"button\" rel=\"nofollow\" class=\"shariff-link\" style=\"; background-color:#3b5998; color:#fff\" target=\"_blank\"><span class=\"shariff-icon\" style=\"\"><svg width=\"32px\" height=\"20px\" xmlns=\"http:\/\/www.w3.org\/2000\/svg\" viewBox=\"0 0 18 32\"><path fill=\"#3b5998\" d=\"M17.1 0.2v4.7h-2.8q-1.5 0-2.1 0.6t-0.5 1.9v3.4h5.2l-0.7 5.3h-4.5v13.6h-5.5v-13.6h-4.5v-5.3h4.5v-3.9q0-3.3 1.9-5.2t5-1.8q2.6 0 4.1 0.2z\"\/><\/svg><\/span><\/a><\/li><li class=\"shariff-button twitter shariff-nocustomcolor\" style=\"background-color:#595959\"><a href=\"https:\/\/twitter.com\/share?url=https%3A%2F%2Fsicherewiesn.de%2Fwordpress%2Fune-fete-de-la-biere-en-toute-securite-pour-les-femmes-et-les-jeunes-filles%2F&text=Une%20F%C3%AAte%20de%20la%20Bi%C3%A8re%20en%20toute%20s%C3%A9curit%C3%A9%20pour%20les%20femmes%20et%20les%20jeunes%20filles\" title=\"Bei X teilen\" aria-label=\"Bei X teilen\" role=\"button\" rel=\"noopener nofollow\" class=\"shariff-link\" style=\"; background-color:#000; color:#fff\" target=\"_blank\"><span class=\"shariff-icon\" style=\"\"><svg width=\"32px\" height=\"20px\" xmlns=\"http:\/\/www.w3.org\/2000\/svg\" viewBox=\"0 0 24 24\"><path fill=\"#000\" d=\"M14.258 10.152L23.176 0h-2.113l-7.747 8.813L7.133 0H0l9.352 13.328L0 23.973h2.113l8.176-9.309 6.531 9.309h7.133zm-2.895 3.293l-.949-1.328L2.875 1.56h3.246l6.086 8.523.945 1.328 7.91 11.078h-3.246zm0 0\"\/><\/svg><\/span><\/a><\/li><li class=\"shariff-button whatsapp shariff-nocustomcolor\" style=\"background-color:#5cbe4a\"><a href=\"https:\/\/api.whatsapp.com\/send?text=https%3A%2F%2Fsicherewiesn.de%2Fwordpress%2Fune-fete-de-la-biere-en-toute-securite-pour-les-femmes-et-les-jeunes-filles%2F%20Une%20F%C3%AAte%20de%20la%20Bi%C3%A8re%20en%20toute%20s%C3%A9curit%C3%A9%20pour%20les%20femmes%20et%20les%20jeunes%20filles\" title=\"Bei Whatsapp teilen\" aria-label=\"Bei Whatsapp teilen\" role=\"button\" rel=\"noopener nofollow\" class=\"shariff-link\" style=\"; background-color:#34af23; color:#fff\" target=\"_blank\"><span class=\"shariff-icon\" style=\"\"><svg width=\"32px\" height=\"20px\" xmlns=\"http:\/\/www.w3.org\/2000\/svg\" viewBox=\"0 0 32 32\"><path fill=\"#34af23\" d=\"M17.6 17.4q0.2 0 1.7 0.8t1.6 0.9q0 0.1 0 0.3 0 0.6-0.3 1.4-0.3 0.7-1.3 1.2t-1.8 0.5q-1 0-3.4-1.1-1.7-0.8-3-2.1t-2.6-3.3q-1.3-1.9-1.3-3.5v-0.1q0.1-1.6 1.3-2.8 0.4-0.4 0.9-0.4 0.1 0 0.3 0t0.3 0q0.3 0 0.5 0.1t0.3 0.5q0.1 0.4 0.6 1.6t0.4 1.3q0 0.4-0.6 1t-0.6 0.8q0 0.1 0.1 0.3 0.6 1.3 1.8 2.4 1 0.9 2.7 1.8 0.2 0.1 0.4 0.1 0.3 0 1-0.9t0.9-0.9zM14 26.9q2.3 0 4.3-0.9t3.6-2.4 2.4-3.6 0.9-4.3-0.9-4.3-2.4-3.6-3.6-2.4-4.3-0.9-4.3 0.9-3.6 2.4-2.4 3.6-0.9 4.3q0 3.6 2.1 6.6l-1.4 4.2 4.3-1.4q2.8 1.9 6.2 1.9zM14 2.2q2.7 0 5.2 1.1t4.3 2.9 2.9 4.3 1.1 5.2-1.1 5.2-2.9 4.3-4.3 2.9-5.2 1.1q-3.5 0-6.5-1.7l-7.4 2.4 2.4-7.2q-1.9-3.2-1.9-6.9 0-2.7 1.1-5.2t2.9-4.3 4.3-2.9 5.2-1.1z\"\/><\/svg><\/span><\/a><\/li><\/ul><\/div>","protected":false},"excerpt":{"rendered":"<p>S\u2019amuser \u2013 Faire la f\u00eate ensemble \u2013 Nouer des contacts Mais \u2026 c\u2019est vite arriv\u00e9, tu peux facilement perdre de vue ta clique ou tes ami(e)s, par ex. lorsque les tentes ferment leurs portes parce qu\u2019elles sont trop pleines. Et\u2026 il y a aussi la drague lourde, le harc\u00e8lement et les agressions sexuelles \u00e0 la &#8230; <a title=\"Une F\u00eate de la Bi\u00e8re en toute s\u00e9curit\u00e9 pour les femmes et les jeunes filles\" class=\"read-more\" href=\"https:\/\/sicherewiesn.de\/wordpress\/une-fete-de-la-biere-en-toute-securite-pour-les-femmes-et-les-jeunes-filles\/\" aria-label=\"Mehr Informationen \u00fcber Une F\u00eate de la Bi\u00e8re en toute s\u00e9curit\u00e9 pour les femmes et les jeunes filles\">Weiterlesen &#8230;<\/a><\/p>\n","protected":false},"author":1,"featured_media":0,"parent":0,"menu_order":0,"comment_status":"closed","ping_status":"closed","template":"","meta":{"generate_page_header":"","footnotes":""},"class_list":{"0":"post-45","1":"page","2":"type-page","3":"status-publish","5":"infinite-scroll-item"},"_links":{"self":[{"href":"https:\/\/sicherewiesn.de\/wordpress\/wp-json\/wp\/v2\/pages\/45","targetHints":{"allow":["GET"]}}],"collection":[{"href":"https:\/\/sicherewiesn.de\/wordpress\/wp-json\/wp\/v2\/pages"}],"about":[{"href":"https:\/\/sicherewiesn.de\/wordpress\/wp-json\/wp\/v2\/types\/page"}],"author":[{"embeddable":true,"href":"https:\/\/sicherewiesn.de\/wordpress\/wp-json\/wp\/v2\/users\/1"}],"replies":[{"embeddable":true,"href":"https:\/\/sicherewiesn.de\/wordpress\/wp-json\/wp\/v2\/comments?post=45"}],"version-history":[{"count":5,"href":"https:\/\/sicherewiesn.de\/wordpress\/wp-json\/wp\/v2\/pages\/45\/revisions"}],"predecessor-version":[{"id":954,"href":"https:\/\/sicherewiesn.de\/wordpress\/wp-json\/wp\/v2\/pages\/45\/revisions\/954"}],"wp:attachment":[{"href":"https:\/\/sicherewiesn.de\/wordpress\/wp-json\/wp\/v2\/media?parent=45"}],"curies":[{"name":"wp","href":"https:\/\/api.w.org\/{rel}","templated":true}]}}