{"id":43,"date":"2016-06-16T12:00:43","date_gmt":"2016-06-16T12:00:43","guid":{"rendered":"http:\/\/sicherewiesn.de\/wordpress\/?page_id=43"},"modified":"2023-06-02T13:13:26","modified_gmt":"2023-06-02T13:13:26","slug":"oktoberfest-sicuro-per-ragazze-e-signore","status":"publish","type":"page","link":"https:\/\/sicherewiesn.de\/wordpress\/oktoberfest-sicuro-per-ragazze-e-signore\/","title":{"rendered":"Oktoberfest sicuro per ragazze e signore"},"content":{"rendered":"<h2>Divertirsi \u2013 Festeggiare in compagnia \u2013 Conoscere nuove persone<\/h2>\n<p>Per\u00f2: Pu\u00f2 capitare di perdere la propria compagnia oppure i propri amici, ad es. quando i tendoni vengono chiusi perch\u00e9 troppo pieni. E: C\u2019\u00e8 anche gente che si avvicina in maniera stupida, che d\u00e0 fastidio e che si avvicina con cattive intenzioni all\u2019Oktoberfest.<\/p>\n<h2>Gi\u00f9 le zampe, non voglio!<\/h2>\n<hr \/>\n<p>[lgc_column grid=&#8220;50&#8243; tablet_grid=&#8220;50&#8243; mobile_grid=&#8220;100&#8243; last=&#8220;false&#8220;]<\/p>\n<h2>Consigli per una permanenza sicura all\u2018Oktoberfest<\/h2>\n<ul>\n<li>Accorda un punto d\u2019incontro con le tue amiche prima di andare all\u2019Oktoberfest, ad es. alla ruota panoramica oppure davanti al Service-Centre.<\/li>\n<li>\u201eKit di sopravvivenza\u201c: Porta con te un po\u2018 di soldi, il cellulare, le chiavi e, se necessario, l\u2019indirizzo dell\u2019hotel. Una borsa ti potrebbe andare persa o essere rubata.<\/li>\n<li>Attenzione, gocce K.O.! Pi\u00f9 volte ci sono stati casi del genere all\u2019Oktoberfest \u2013 non perdere mai d\u2019occhio la tua bevanda!<\/li>\n<li>Non esagerare con l\u2018alcol! Se bevi dell\u2019alcol, allora bevi solo fino a quando puoi ancora ragionare in maniera normale. La birra dell\u2019Oktoberfest \u00e8 pi\u00f9 forte rispetto alle birre normali. Tra una birra e l\u2019altra ordina anche dell\u2019acqua oppure un Radler (met\u00e0 birra, met\u00e0 limonata). Anche quando qualcuno del gruppo offre un giro di birra non ti devi sentire obbligata a bere.<\/li>\n<li>Fidati del tuo sesto senso e d\u00ec di no se qualcosa non ti va bene. Farsi toccare e stupide frasi non piacciono a nessuno. Un chiaro \u201eStop!\u201c e \u201elasciami in pace!\u201c rende il tutto subito pi\u00f9 chiaro e l\u2019altro capisce che ha superato il limite. A volte anche una situazione carina e divertente diventa scomoda. Anche in questo caso uno \u201eStop!\u201c \u00e8 perfettamente in ordine.<\/li>\n<li>Non aver timore di fare brutte figure: Parla a voce alta e d\u00ec chiaramente che cosa non vuoi\/che cosa ti fa arrabbiare, ad es.: \u201eToglimi le mani di dosso!\u201c<\/li>\n<li>Tendoni sovra-pieni: Abbandona un tendone solo assieme ad una persona amica (ad es. per andare a fumare, oppure per andare alla toilette), affinch\u00e9 tu non sia da sola quando il tendone viene chiuso.<\/li>\n<li>In caso di emergenza: Aiuta gli altri ad aiutare. Rivolgiti ad una persona in maniera concreta: \u201eLei con il pullover rosso &#8230;!\u201c Cerca la possibilit\u00e0 di un aiuto diretto anche da parte del Personale della Security del tendone.<\/li>\n<li>Sfrutta ogni possibilit\u00e0 che hai a disposizione per difenderti. Se possibile, chiama il 110 (numero d\u2019emergenza della Polizia).<\/li>\n<li>Organizzati una via sicura per tornare a casa: Non lasciare l\u2019Oktoberfest da sola oppure con qualcuno che hai appena conosciuto. Se ti senti poco bene, aggregati durante la via del ritorno ad es. ad un gruppo di donne oppure ad un gruppo misto.<\/li>\n<li>Stanca?! Non ti mettere per terra a dormire! Se sei stanca oppure ubriaca o se hai perso il tuo gruppo, vieni per favore al Security Point. Aiuto all\u2018Oktoberfest<\/li>\n<\/ul>\n<p>[\/lgc_column]<br \/>\n[lgc_column grid=&#8220;50&#8243; tablet_grid=&#8220;50&#8243; mobile_grid=&#8220;100&#8243; last=&#8220;true&#8220;]<\/p>\n<h2>Se all\u2019improvviso ti ritrovi da solo\/a \u2026,<\/h2>\n<p>se non sai dove puoi ritrovare i tuoi amici \u2026,<br \/>\nse non sai dove poter pernottare \u2026,<br \/>\nse sei stanco\/a oppure in stato di ubriachezza \u2026,<br \/>\nse ti senti minacciata o insicura&#8230;,<br \/>\nse ti senti infastidita oppure avvicinata in maniera stupida o addirittura stuprata&#8230;<br \/>\n\u2026 riceverai subito un aiuto diretto da parte nostra all\u2018Oktoberfest.<\/p>\n<p>&nbsp;<\/p>\n<h2>SECURITY POINT PER RAGAZZE E SIGNORE<\/h2>\n<p>Nel Service-Center dietro al Tendone del Schottenhamel<br \/>\nEntrata \u201eErste Hilfe\u201c<\/p>\n<p>&nbsp;<\/p>\n<p>Orari di apertura: quotidianamente ore 18 &#8211; 1, sabato in aggiunta a partire dalle ore 15<\/p>\n<p>&nbsp;<\/p>\n<p>Telefono <a href=\"tel:+49898905745188\">+49 (0)89 \/ 890 57 45 188<\/a><br \/>\n[\/lgc_column]<\/p>\n<hr \/>\n<p style=\"text-align: center;\">Un\u2019azione di AMYNA, IMMA e Frauennotruf M\u00fcnchen<br \/>\nIn cooperazione con la Fondazione \u201eH\u00e4nsel+Gretel\u201c<br \/>\nSostenuta dalla Citt\u00e0 Capitale del Land Monaco di Baviera, Ufficio Sociale<\/p>\n<div class=\"shariff shariff-align-flex-start shariff-widget-align-flex-start\" data-services=\"facebook\" data-url=\"https%3A%2F%2Fsicherewiesn.de%2Fwordpress%2Foktoberfest-sicuro-per-ragazze-e-signore%2F\" data-timestamp=\"1685711606\" data-backendurl=\"https:\/\/sicherewiesn.de\/wordpress\/wp-json\/shariff\/v1\/share_counts?\"><div class=\"ShariffHeadline\">Teile diesen Beitrag<\/div><ul class=\"shariff-buttons theme-round orientation-horizontal buttonsize-medium\"><li class=\"shariff-button facebook shariff-nocustomcolor\" style=\"background-color:#4273c8\"><a href=\"https:\/\/www.facebook.com\/sharer\/sharer.php?u=https%3A%2F%2Fsicherewiesn.de%2Fwordpress%2Foktoberfest-sicuro-per-ragazze-e-signore%2F\" title=\"Bei Facebook teilen\" aria-label=\"Bei Facebook teilen\" role=\"button\" rel=\"nofollow\" class=\"shariff-link\" style=\"; background-color:#3b5998; color:#fff\" target=\"_blank\"><span class=\"shariff-icon\" style=\"\"><svg width=\"32px\" height=\"20px\" xmlns=\"http:\/\/www.w3.org\/2000\/svg\" viewBox=\"0 0 18 32\"><path fill=\"#3b5998\" d=\"M17.1 0.2v4.7h-2.8q-1.5 0-2.1 0.6t-0.5 1.9v3.4h5.2l-0.7 5.3h-4.5v13.6h-5.5v-13.6h-4.5v-5.3h4.5v-3.9q0-3.3 1.9-5.2t5-1.8q2.6 0 4.1 0.2z\"\/><\/svg><\/span><\/a><\/li><li class=\"shariff-button twitter shariff-nocustomcolor\" style=\"background-color:#595959\"><a href=\"https:\/\/twitter.com\/share?url=https%3A%2F%2Fsicherewiesn.de%2Fwordpress%2Foktoberfest-sicuro-per-ragazze-e-signore%2F&text=Oktoberfest%20sicuro%20per%20ragazze%20e%20signore\" title=\"Bei X teilen\" aria-label=\"Bei X teilen\" role=\"button\" rel=\"noopener nofollow\" class=\"shariff-link\" style=\"; background-color:#000; color:#fff\" target=\"_blank\"><span class=\"shariff-icon\" style=\"\"><svg width=\"32px\" height=\"20px\" xmlns=\"http:\/\/www.w3.org\/2000\/svg\" viewBox=\"0 0 24 24\"><path fill=\"#000\" d=\"M14.258 10.152L23.176 0h-2.113l-7.747 8.813L7.133 0H0l9.352 13.328L0 23.973h2.113l8.176-9.309 6.531 9.309h7.133zm-2.895 3.293l-.949-1.328L2.875 1.56h3.246l6.086 8.523.945 1.328 7.91 11.078h-3.246zm0 0\"\/><\/svg><\/span><\/a><\/li><li class=\"shariff-button whatsapp shariff-nocustomcolor\" style=\"background-color:#5cbe4a\"><a href=\"https:\/\/api.whatsapp.com\/send?text=https%3A%2F%2Fsicherewiesn.de%2Fwordpress%2Foktoberfest-sicuro-per-ragazze-e-signore%2F%20Oktoberfest%20sicuro%20per%20ragazze%20e%20signore\" title=\"Bei Whatsapp teilen\" aria-label=\"Bei Whatsapp teilen\" role=\"button\" rel=\"noopener nofollow\" class=\"shariff-link\" style=\"; background-color:#34af23; color:#fff\" target=\"_blank\"><span class=\"shariff-icon\" style=\"\"><svg width=\"32px\" height=\"20px\" xmlns=\"http:\/\/www.w3.org\/2000\/svg\" viewBox=\"0 0 32 32\"><path fill=\"#34af23\" d=\"M17.6 17.4q0.2 0 1.7 0.8t1.6 0.9q0 0.1 0 0.3 0 0.6-0.3 1.4-0.3 0.7-1.3 1.2t-1.8 0.5q-1 0-3.4-1.1-1.7-0.8-3-2.1t-2.6-3.3q-1.3-1.9-1.3-3.5v-0.1q0.1-1.6 1.3-2.8 0.4-0.4 0.9-0.4 0.1 0 0.3 0t0.3 0q0.3 0 0.5 0.1t0.3 0.5q0.1 0.4 0.6 1.6t0.4 1.3q0 0.4-0.6 1t-0.6 0.8q0 0.1 0.1 0.3 0.6 1.3 1.8 2.4 1 0.9 2.7 1.8 0.2 0.1 0.4 0.1 0.3 0 1-0.9t0.9-0.9zM14 26.9q2.3 0 4.3-0.9t3.6-2.4 2.4-3.6 0.9-4.3-0.9-4.3-2.4-3.6-3.6-2.4-4.3-0.9-4.3 0.9-3.6 2.4-2.4 3.6-0.9 4.3q0 3.6 2.1 6.6l-1.4 4.2 4.3-1.4q2.8 1.9 6.2 1.9zM14 2.2q2.7 0 5.2 1.1t4.3 2.9 2.9 4.3 1.1 5.2-1.1 5.2-2.9 4.3-4.3 2.9-5.2 1.1q-3.5 0-6.5-1.7l-7.4 2.4 2.4-7.2q-1.9-3.2-1.9-6.9 0-2.7 1.1-5.2t2.9-4.3 4.3-2.9 5.2-1.1z\"\/><\/svg><\/span><\/a><\/li><\/ul><\/div>","protected":false},"excerpt":{"rendered":"<p>Divertirsi \u2013 Festeggiare in compagnia \u2013 Conoscere nuove persone Per\u00f2: Pu\u00f2 capitare di perdere la propria compagnia oppure i propri amici, ad es. quando i tendoni vengono chiusi perch\u00e9 troppo pieni. E: C\u2019\u00e8 anche gente che si avvicina in maniera stupida, che d\u00e0 fastidio e che si avvicina con cattive intenzioni all\u2019Oktoberfest. Gi\u00f9 le zampe, &#8230; <a title=\"Oktoberfest sicuro per ragazze e signore\" class=\"read-more\" href=\"https:\/\/sicherewiesn.de\/wordpress\/oktoberfest-sicuro-per-ragazze-e-signore\/\" aria-label=\"Mehr Informationen \u00fcber Oktoberfest sicuro per ragazze e signore\">Weiterlesen &#8230;<\/a><\/p>\n","protected":false},"author":1,"featured_media":0,"parent":0,"menu_order":0,"comment_status":"closed","ping_status":"closed","template":"","meta":{"generate_page_header":"","footnotes":""},"class_list":{"0":"post-43","1":"page","2":"type-page","3":"status-publish","5":"infinite-scroll-item"},"_links":{"self":[{"href":"https:\/\/sicherewiesn.de\/wordpress\/wp-json\/wp\/v2\/pages\/43","targetHints":{"allow":["GET"]}}],"collection":[{"href":"https:\/\/sicherewiesn.de\/wordpress\/wp-json\/wp\/v2\/pages"}],"about":[{"href":"https:\/\/sicherewiesn.de\/wordpress\/wp-json\/wp\/v2\/types\/page"}],"author":[{"embeddable":true,"href":"https:\/\/sicherewiesn.de\/wordpress\/wp-json\/wp\/v2\/users\/1"}],"replies":[{"embeddable":true,"href":"https:\/\/sicherewiesn.de\/wordpress\/wp-json\/wp\/v2\/comments?post=43"}],"version-history":[{"count":6,"href":"https:\/\/sicherewiesn.de\/wordpress\/wp-json\/wp\/v2\/pages\/43\/revisions"}],"predecessor-version":[{"id":953,"href":"https:\/\/sicherewiesn.de\/wordpress\/wp-json\/wp\/v2\/pages\/43\/revisions\/953"}],"wp:attachment":[{"href":"https:\/\/sicherewiesn.de\/wordpress\/wp-json\/wp\/v2\/media?parent=43"}],"curies":[{"name":"wp","href":"https:\/\/api.w.org\/{rel}","templated":true}]}}