{"id":1278,"date":"2021-03-26T08:42:14","date_gmt":"2021-03-26T08:42:14","guid":{"rendered":"https:\/\/sicherewiesn.de\/wordpress\/?page_id=1278"},"modified":"2024-06-18T09:39:58","modified_gmt":"2024-06-18T09:39:58","slug":"zivilcourage-auf-dem-oktoberfest","status":"publish","type":"page","link":"https:\/\/sicherewiesn.de\/wordpress\/weitere-hilfe\/zivilcourage-auf-dem-oktoberfest\/","title":{"rendered":"Zivilcourage auf dem Oktoberfest"},"content":{"rendered":"<h2><em>Helfen statt Wegsehen: Hilfreiche Tipps f\u00fcr Zivilcourage auf dem Oktoberfest<\/em><strong>\u00a0<\/strong><\/h2>\n<p><strong>Du bist auf der Wiesn unterwegs und siehst pl\u00f6tzlich eine Frau* weinend vor einem der Zelte sitzen, die sehr hilflos wirkt? Ein M\u00e4dchen* spricht dich an und bittet um Hilfe? Du beobachten einen Streit zwischen einem Mann* und einer Frau* und hast den Eindruck, die Frau* k\u00f6nnte Unterst\u00fctzung gebrauchen?\u00a0 <\/strong><\/p>\n<p>Viele Besucher*innen erleben solche oder \u00e4hnliche Situationen auf dem Oktoberfest. Oftmals ist unklar, wie man sich am besten verh\u00e4lt. Die meisten m\u00f6chten nicht einfach daran vorbei gehen, sich aber auch nicht aufdr\u00e4ngen. Immer wieder werden wir von der &#8222;Sicheren Wiesn&#8220; gefragt, welches Verhalten wir empfehlen. Deshalb haben wir uns entschlossen einige Tipps zum Thema Zivilcourage zusammenstellen, die sich gezielt an Wiesnbesucher*innen richten.<\/p>\n<p>Diese Tipps sind nat\u00fcrlich nicht vollst\u00e4ndig, das k\u00f6nnen sie auch gar nicht sein. Jede Situation ist anders und es gibt nicht immer eine eindeutige Antwort. Wir hoffen aber, dass wir Oktoberfestbesucher*innen dabei unterst\u00fctzen k\u00f6nnen, anderen zu helfen, ohne selbst in Gefahr zu geraten.<\/p>\n<p><strong>Hier finden Sie unsere <a href=\"https:\/\/sicherewiesn.de\/wordpress\/wp-content\/uploads\/2024\/06\/2024_Zivilcouragetipps_Besucher_innen.pdf\">Zivilcouragetipps<\/a>. <\/strong>(PDF, nicht barrierefrei)<\/p>\n<div class=\"shariff shariff-align-left shariff-widget-align-left\" data-services=\"facebook\" data-url=\"https:\/\/sicherewiesn.de\/wordpress\/weitere-hilfe\/zivilcourage-auf-dem-oktoberfest\/\" data-timestamp=\"1718703598\" data-backendurl=\"https:\/\/sicherewiesn.de\/wordpress\/wp-json\/shariff\/v1\/share_counts?\"><div class=\"ShariffHeadline\">Teile diesen Beitrag<\/div><ul class=\"shariff-buttons theme-round orientation-horizontal buttonsize-medium\"><li class=\"shariff-button facebook shariff-nocustomcolor\" style=\"background-color:#4273c8\"><a href=\"https:\/\/www.facebook.com\/sharer\/sharer.php?u=https%3A%2F%2Fsicherewiesn.de%2Fwordpress%2Fweitere-hilfe%2Fzivilcourage-auf-dem-oktoberfest%2F\" title=\"Bei Facebook teilen\" aria-label=\"Bei Facebook teilen\" role=\"button\" rel=\"nofollow\" class=\"shariff-link\" style=\"; background-color:#3b5998; color:#fff\" target=\"_blank\"><span class=\"shariff-icon\" style=\"\"><svg width=\"32px\" height=\"20px\" xmlns=\"http:\/\/www.w3.org\/2000\/svg\" viewBox=\"0 0 18 32\"><path fill=\"#3b5998\" d=\"M17.1 0.2v4.7h-2.8q-1.5 0-2.1 0.6t-0.5 1.9v3.4h5.2l-0.7 5.3h-4.5v13.6h-5.5v-13.6h-4.5v-5.3h4.5v-3.9q0-3.3 1.9-5.2t5-1.8q2.6 0 4.1 0.2z\"\/><\/svg><\/span><\/a><\/li><li class=\"shariff-button twitter shariff-nocustomcolor\" style=\"background-color:#595959\"><a href=\"https:\/\/twitter.com\/share?url=https%3A%2F%2Fsicherewiesn.de%2Fwordpress%2Fweitere-hilfe%2Fzivilcourage-auf-dem-oktoberfest%2F&text=Zivilcourage%20auf%20dem%20Oktoberfest\" title=\"Bei X teilen\" aria-label=\"Bei X teilen\" role=\"button\" rel=\"noopener nofollow\" class=\"shariff-link\" style=\"; background-color:#000; color:#fff\" target=\"_blank\"><span class=\"shariff-icon\" style=\"\"><svg width=\"32px\" height=\"20px\" xmlns=\"http:\/\/www.w3.org\/2000\/svg\" viewBox=\"0 0 24 24\"><path fill=\"#000\" d=\"M14.258 10.152L23.176 0h-2.113l-7.747 8.813L7.133 0H0l9.352 13.328L0 23.973h2.113l8.176-9.309 6.531 9.309h7.133zm-2.895 3.293l-.949-1.328L2.875 1.56h3.246l6.086 8.523.945 1.328 7.91 11.078h-3.246zm0 0\"\/><\/svg><\/span><\/a><\/li><li class=\"shariff-button whatsapp shariff-nocustomcolor\" style=\"background-color:#5cbe4a\"><a href=\"https:\/\/api.whatsapp.com\/send?text=https%3A%2F%2Fsicherewiesn.de%2Fwordpress%2Fweitere-hilfe%2Fzivilcourage-auf-dem-oktoberfest%2F%20Zivilcourage%20auf%20dem%20Oktoberfest\" title=\"Bei Whatsapp teilen\" aria-label=\"Bei Whatsapp teilen\" role=\"button\" rel=\"noopener nofollow\" class=\"shariff-link\" style=\"; background-color:#34af23; color:#fff\" target=\"_blank\"><span class=\"shariff-icon\" style=\"\"><svg width=\"32px\" height=\"20px\" xmlns=\"http:\/\/www.w3.org\/2000\/svg\" viewBox=\"0 0 32 32\"><path fill=\"#34af23\" d=\"M17.6 17.4q0.2 0 1.7 0.8t1.6 0.9q0 0.1 0 0.3 0 0.6-0.3 1.4-0.3 0.7-1.3 1.2t-1.8 0.5q-1 0-3.4-1.1-1.7-0.8-3-2.1t-2.6-3.3q-1.3-1.9-1.3-3.5v-0.1q0.1-1.6 1.3-2.8 0.4-0.4 0.9-0.4 0.1 0 0.3 0t0.3 0q0.3 0 0.5 0.1t0.3 0.5q0.1 0.4 0.6 1.6t0.4 1.3q0 0.4-0.6 1t-0.6 0.8q0 0.1 0.1 0.3 0.6 1.3 1.8 2.4 1 0.9 2.7 1.8 0.2 0.1 0.4 0.1 0.3 0 1-0.9t0.9-0.9zM14 26.9q2.3 0 4.3-0.9t3.6-2.4 2.4-3.6 0.9-4.3-0.9-4.3-2.4-3.6-3.6-2.4-4.3-0.9-4.3 0.9-3.6 2.4-2.4 3.6-0.9 4.3q0 3.6 2.1 6.6l-1.4 4.2 4.3-1.4q2.8 1.9 6.2 1.9zM14 2.2q2.7 0 5.2 1.1t4.3 2.9 2.9 4.3 1.1 5.2-1.1 5.2-2.9 4.3-4.3 2.9-5.2 1.1q-3.5 0-6.5-1.7l-7.4 2.4 2.4-7.2q-1.9-3.2-1.9-6.9 0-2.7 1.1-5.2t2.9-4.3 4.3-2.9 5.2-1.1z\"\/><\/svg><\/span><\/a><\/li><\/ul><\/div>","protected":false},"excerpt":{"rendered":"<p>Helfen statt Wegsehen: Hilfreiche Tipps f\u00fcr Zivilcourage auf dem Oktoberfest\u00a0 Du bist auf der Wiesn unterwegs und siehst pl\u00f6tzlich eine Frau* weinend vor einem der Zelte sitzen, die sehr hilflos wirkt? Ein M\u00e4dchen* spricht dich an und bittet um Hilfe? Du beobachten einen Streit zwischen einem Mann* und einer Frau* und hast den Eindruck, die &#8230; <a title=\"Zivilcourage auf dem Oktoberfest\" class=\"read-more\" href=\"https:\/\/sicherewiesn.de\/wordpress\/weitere-hilfe\/zivilcourage-auf-dem-oktoberfest\/\" aria-label=\"Mehr Informationen \u00fcber Zivilcourage auf dem Oktoberfest\">Weiterlesen &#8230;<\/a><\/p>\n","protected":false},"author":3,"featured_media":0,"parent":141,"menu_order":0,"comment_status":"closed","ping_status":"closed","template":"","meta":{"generate_page_header":"","footnotes":""},"class_list":{"0":"post-1278","1":"page","2":"type-page","3":"status-publish","5":"infinite-scroll-item"},"_links":{"self":[{"href":"https:\/\/sicherewiesn.de\/wordpress\/wp-json\/wp\/v2\/pages\/1278","targetHints":{"allow":["GET"]}}],"collection":[{"href":"https:\/\/sicherewiesn.de\/wordpress\/wp-json\/wp\/v2\/pages"}],"about":[{"href":"https:\/\/sicherewiesn.de\/wordpress\/wp-json\/wp\/v2\/types\/page"}],"author":[{"embeddable":true,"href":"https:\/\/sicherewiesn.de\/wordpress\/wp-json\/wp\/v2\/users\/3"}],"replies":[{"embeddable":true,"href":"https:\/\/sicherewiesn.de\/wordpress\/wp-json\/wp\/v2\/comments?post=1278"}],"version-history":[{"count":5,"href":"https:\/\/sicherewiesn.de\/wordpress\/wp-json\/wp\/v2\/pages\/1278\/revisions"}],"predecessor-version":[{"id":1948,"href":"https:\/\/sicherewiesn.de\/wordpress\/wp-json\/wp\/v2\/pages\/1278\/revisions\/1948"}],"up":[{"embeddable":true,"href":"https:\/\/sicherewiesn.de\/wordpress\/wp-json\/wp\/v2\/pages\/141"}],"wp:attachment":[{"href":"https:\/\/sicherewiesn.de\/wordpress\/wp-json\/wp\/v2\/media?parent=1278"}],"curies":[{"name":"wp","href":"https:\/\/api.w.org\/{rel}","templated":true}]}}