{"id":127,"date":"2016-06-17T06:42:57","date_gmt":"2016-06-17T06:42:57","guid":{"rendered":"http:\/\/sicherewiesn.de\/wordpress\/?page_id=127"},"modified":"2023-07-17T07:51:58","modified_gmt":"2023-07-17T07:51:58","slug":"so-koennen-sie-helfen","status":"publish","type":"page","link":"https:\/\/sicherewiesn.de\/wordpress\/so-koennen-sie-helfen\/","title":{"rendered":"So k\u00f6nnen Sie helfen!"},"content":{"rendered":"\n<p>Interessieren Sie sich f\u00fcr die Aktion \u201eSichere Wiesn f\u00fcr M\u00e4dchen* und Frauen*\u201c und m\u00f6chten etwas beitragen?<\/p>\n\n\n\n<h2 class=\"wp-block-heading\">Es gibt viele M\u00f6glichkeiten, uns zu unterst\u00fctzen!<\/h2>\n\n\n\n<ul class=\"wp-block-list\">\n<li>Werden Sie mit Ihrem Unternehmen namentlich genannte(r) Partner*in und unterst\u00fctzen Sie uns finanziell oder logistisch<\/li>\n\n\n\n<li>Verlinken Sie unsere Webseite und ver\u00f6ffentlichen Sie unser <a href=\"\/\/sicherewiesn.de\/wordpress\/de\/logos\/\" target=\"_self\" rel=\"noopener\">Logo<\/a><\/li>\n\n\n\n<li>Erz\u00e4hlen Sie im Bekanntenkreis von der Aktion \u201eSichere Wiesn f\u00fcr M\u00e4dchen* und Frauen*\u201c<\/li>\n\n\n\n<li>Versenden Sie unseren Newsletter \u00fcber Ihren Verteiler<\/li>\n\n\n\n<li>Unterst\u00fctzen Sie unsere Ehrenamtlichen am Safe Space mit Sachspenden (z.B. neue Decken f\u00fcr unterk\u00fchlte Frauen*, Kaffee, Tee, S\u00fc\u00dfes f\u00fcr den Safe Space usw.)<\/li>\n\n\n\n<li>Stellen Sie unseren Ehrenamtlichen Essensmarken, Fahrgutscheine und MVV-Tickets zur Verf\u00fcgung<\/li>\n\n\n\n<li>Holen Sie unser \u201ePausenhofprojekt\u201c zur Pr\u00e4vention an Ihre Schule oder an die Schule ihrer Tochter\/ ihres Sohnes<\/li>\n\n\n\n<li>Fordern Sie Flyer und Informationsmaterial an und verteilen Sie es im Bekanntenkreis oder h\u00e4ngen Sie es sichtbar in Ihre Autofenster<\/li>\n\n\n\n<li>Besuchen Sie uns auf <a href=\"https:\/\/www.facebook.com\/pages\/Sichere-Wiesn-f%C3%BCr-M%C3%A4dchen-und-Frauen\/222232141127550\" target=\"_blank\" rel=\"noopener noreferrer\">Facebook<\/a> und <a href=\"https:\/\/www.instagram.com\/sicherewiesn\/?next=%2F\">Instagram<\/a> unterst\u00fctzen Sie uns mit Ihrem \u201eGef\u00e4llt mir\u201c<\/li>\n\n\n\n<li>Schalten Sie eine F\u00fcllanzeige der Aktion in Ihrem Vereinsheft, Anzeigenblatt o.\u00e4.<\/li>\n\n\n\n<li>Und nat\u00fcrlich jederzeit willkommen und einfach zu erledigen: Unterst\u00fctzen Sie uns finanziell mit einer <a href=\"\/\/sicherewiesn.de\/wordpress\/de\/geldspende\/\" target=\"_self\" rel=\"noopener\">Geldspende<\/a><\/li>\n\n\n\n<li>Haben Sie eine weitere Idee, wie Sie uns als Einzelperson oder als Unternehmen unterst\u00fctzen m\u00f6chten? Nehmen Sie gerne <a href=\"\/\/sicherewiesn.de\/wordpress\/de\/kontakt\/\" target=\"_self\" rel=\"noopener\">Kontakt<\/a> mit uns auf<\/li>\n<\/ul>\n\n\n\n<p><strong>Spendenkonto: <\/strong><\/p>\n\n\n\n<p>AMYNA e.V. Stichwort: &#8222;Sichere Wiesn&#8220;<\/p>\n\n\n\n<p>IBAN: <strong>DE23 3702 0500 0007 8249 02<\/strong><br>BIC: <strong>BFSWDE33MUE<\/strong><\/p>\n\n\n\n<p>Bank f\u00fcr Sozialwirtschaft<\/p>\n\n\n\n<p>Sie k\u00f6nnen auch unser sicheres <strong><a href=\"https:\/\/secure.spendenbank.de\/form\/1394?langid=1\" target=\"_blank\" rel=\"noopener noreferrer\">Online-Spendenformular<\/a><\/strong>&nbsp;bei der Bank f\u00fcr Sozialwirtschaft (<a href=\"https:\/\/www.sozialbank.de\/angebot\/fundraising\/spendenportal\/tool.html\" target=\"_blank\" rel=\"noopener noreferrer\">www.sozialbank.de<\/a>) nutzen. Ihre Online-Spende wird per Lastschrift von Ihrem Konto eingezogen.<\/p>\n\n\n\n<hr class=\"wp-block-separator has-alpha-channel-opacity\"\/>\n\n\n\n<p><a href=\"\/\/sicherewiesn.de\/wordpress\/\">\u2039 zur\u00fcck zur Startseite<\/a><\/p>\n<div class=\"shariff shariff-align-left shariff-widget-align-left\" data-services=\"facebook\" data-url=\"https:\/\/sicherewiesn.de\/wordpress\/so-koennen-sie-helfen\/\" data-timestamp=\"1689580318\" data-backendurl=\"https:\/\/sicherewiesn.de\/wordpress\/wp-json\/shariff\/v1\/share_counts?\"><div class=\"ShariffHeadline\">Teile diesen Beitrag<\/div><ul class=\"shariff-buttons theme-round orientation-horizontal buttonsize-medium\"><li class=\"shariff-button facebook shariff-nocustomcolor\" style=\"background-color:#4273c8\"><a href=\"https:\/\/www.facebook.com\/sharer\/sharer.php?u=https%3A%2F%2Fsicherewiesn.de%2Fwordpress%2Fso-koennen-sie-helfen%2F\" title=\"Bei Facebook teilen\" aria-label=\"Bei Facebook teilen\" role=\"button\" rel=\"nofollow\" class=\"shariff-link\" style=\"; background-color:#3b5998; color:#fff\" target=\"_blank\"><span class=\"shariff-icon\" style=\"\"><svg width=\"32px\" height=\"20px\" xmlns=\"http:\/\/www.w3.org\/2000\/svg\" viewBox=\"0 0 18 32\"><path fill=\"#3b5998\" d=\"M17.1 0.2v4.7h-2.8q-1.5 0-2.1 0.6t-0.5 1.9v3.4h5.2l-0.7 5.3h-4.5v13.6h-5.5v-13.6h-4.5v-5.3h4.5v-3.9q0-3.3 1.9-5.2t5-1.8q2.6 0 4.1 0.2z\"\/><\/svg><\/span><\/a><\/li><li class=\"shariff-button twitter shariff-nocustomcolor\" style=\"background-color:#595959\"><a href=\"https:\/\/twitter.com\/share?url=https%3A%2F%2Fsicherewiesn.de%2Fwordpress%2Fso-koennen-sie-helfen%2F&text=So%20k%C3%B6nnen%20Sie%20helfen%21\" title=\"Bei X teilen\" aria-label=\"Bei X teilen\" role=\"button\" rel=\"noopener nofollow\" class=\"shariff-link\" style=\"; background-color:#000; color:#fff\" target=\"_blank\"><span class=\"shariff-icon\" style=\"\"><svg width=\"32px\" height=\"20px\" xmlns=\"http:\/\/www.w3.org\/2000\/svg\" viewBox=\"0 0 24 24\"><path fill=\"#000\" d=\"M14.258 10.152L23.176 0h-2.113l-7.747 8.813L7.133 0H0l9.352 13.328L0 23.973h2.113l8.176-9.309 6.531 9.309h7.133zm-2.895 3.293l-.949-1.328L2.875 1.56h3.246l6.086 8.523.945 1.328 7.91 11.078h-3.246zm0 0\"\/><\/svg><\/span><\/a><\/li><li class=\"shariff-button whatsapp shariff-nocustomcolor\" style=\"background-color:#5cbe4a\"><a href=\"https:\/\/api.whatsapp.com\/send?text=https%3A%2F%2Fsicherewiesn.de%2Fwordpress%2Fso-koennen-sie-helfen%2F%20So%20k%C3%B6nnen%20Sie%20helfen%21\" title=\"Bei Whatsapp teilen\" aria-label=\"Bei Whatsapp teilen\" role=\"button\" rel=\"noopener nofollow\" class=\"shariff-link\" style=\"; background-color:#34af23; color:#fff\" target=\"_blank\"><span class=\"shariff-icon\" style=\"\"><svg width=\"32px\" height=\"20px\" xmlns=\"http:\/\/www.w3.org\/2000\/svg\" viewBox=\"0 0 32 32\"><path fill=\"#34af23\" d=\"M17.6 17.4q0.2 0 1.7 0.8t1.6 0.9q0 0.1 0 0.3 0 0.6-0.3 1.4-0.3 0.7-1.3 1.2t-1.8 0.5q-1 0-3.4-1.1-1.7-0.8-3-2.1t-2.6-3.3q-1.3-1.9-1.3-3.5v-0.1q0.1-1.6 1.3-2.8 0.4-0.4 0.9-0.4 0.1 0 0.3 0t0.3 0q0.3 0 0.5 0.1t0.3 0.5q0.1 0.4 0.6 1.6t0.4 1.3q0 0.4-0.6 1t-0.6 0.8q0 0.1 0.1 0.3 0.6 1.3 1.8 2.4 1 0.9 2.7 1.8 0.2 0.1 0.4 0.1 0.3 0 1-0.9t0.9-0.9zM14 26.9q2.3 0 4.3-0.9t3.6-2.4 2.4-3.6 0.9-4.3-0.9-4.3-2.4-3.6-3.6-2.4-4.3-0.9-4.3 0.9-3.6 2.4-2.4 3.6-0.9 4.3q0 3.6 2.1 6.6l-1.4 4.2 4.3-1.4q2.8 1.9 6.2 1.9zM14 2.2q2.7 0 5.2 1.1t4.3 2.9 2.9 4.3 1.1 5.2-1.1 5.2-2.9 4.3-4.3 2.9-5.2 1.1q-3.5 0-6.5-1.7l-7.4 2.4 2.4-7.2q-1.9-3.2-1.9-6.9 0-2.7 1.1-5.2t2.9-4.3 4.3-2.9 5.2-1.1z\"\/><\/svg><\/span><\/a><\/li><\/ul><\/div>","protected":false},"excerpt":{"rendered":"<p>Interessieren Sie sich f\u00fcr die Aktion \u201eSichere Wiesn f\u00fcr M\u00e4dchen* und Frauen*\u201c und m\u00f6chten etwas beitragen? Es gibt viele M\u00f6glichkeiten, uns zu unterst\u00fctzen! Spendenkonto: AMYNA e.V. Stichwort: &#8222;Sichere Wiesn&#8220; IBAN: DE23 3702 0500 0007 8249 02BIC: BFSWDE33MUE Bank f\u00fcr Sozialwirtschaft Sie k\u00f6nnen auch unser sicheres Online-Spendenformular&nbsp;bei der Bank f\u00fcr Sozialwirtschaft (www.sozialbank.de) nutzen. Ihre Online-Spende wird &#8230; <a title=\"So k\u00f6nnen Sie helfen!\" class=\"read-more\" href=\"https:\/\/sicherewiesn.de\/wordpress\/so-koennen-sie-helfen\/\" aria-label=\"Mehr Informationen \u00fcber So k\u00f6nnen Sie helfen!\">Weiterlesen &#8230;<\/a><\/p>\n","protected":false},"author":1,"featured_media":0,"parent":0,"menu_order":0,"comment_status":"closed","ping_status":"closed","template":"","meta":{"generate_page_header":"","footnotes":""},"class_list":{"0":"post-127","1":"page","2":"type-page","3":"status-publish","5":"infinite-scroll-item"},"_links":{"self":[{"href":"https:\/\/sicherewiesn.de\/wordpress\/wp-json\/wp\/v2\/pages\/127","targetHints":{"allow":["GET"]}}],"collection":[{"href":"https:\/\/sicherewiesn.de\/wordpress\/wp-json\/wp\/v2\/pages"}],"about":[{"href":"https:\/\/sicherewiesn.de\/wordpress\/wp-json\/wp\/v2\/types\/page"}],"author":[{"embeddable":true,"href":"https:\/\/sicherewiesn.de\/wordpress\/wp-json\/wp\/v2\/users\/1"}],"replies":[{"embeddable":true,"href":"https:\/\/sicherewiesn.de\/wordpress\/wp-json\/wp\/v2\/comments?post=127"}],"version-history":[{"count":12,"href":"https:\/\/sicherewiesn.de\/wordpress\/wp-json\/wp\/v2\/pages\/127\/revisions"}],"predecessor-version":[{"id":1739,"href":"https:\/\/sicherewiesn.de\/wordpress\/wp-json\/wp\/v2\/pages\/127\/revisions\/1739"}],"wp:attachment":[{"href":"https:\/\/sicherewiesn.de\/wordpress\/wp-json\/wp\/v2\/media?parent=127"}],"curies":[{"name":"wp","href":"https:\/\/api.w.org\/{rel}","templated":true}]}}