{"id":1260,"date":"2021-03-04T12:07:27","date_gmt":"2021-03-04T12:07:27","guid":{"rendered":"https:\/\/sicherewiesn.de\/wordpress\/?page_id=1260"},"modified":"2023-07-17T07:51:21","modified_gmt":"2023-07-17T07:51:21","slug":"kampagne-2020","status":"publish","type":"page","link":"https:\/\/sicherewiesn.de\/wordpress\/kampagne-2020\/","title":{"rendered":"Kampagne 2020"},"content":{"rendered":"\n<h1 class=\"wp-block-heading\">&#8222;Kein Platz f\u00fcr sexuelle \u00dcbergriffe&#8220;<\/h1>\n\n\n\n<h1 class=\"wp-block-heading\"><img loading=\"lazy\" decoding=\"async\" class=\"alignnone wp-image-1233\" src=\"https:\/\/sicherewiesn.de\/wordpress\/wp-content\/uploads\/2020\/09\/Muenchen_Annemarie-211x300.jpg\" alt=\"\" width=\"263\" height=\"374\" srcset=\"https:\/\/sicherewiesn.de\/wordpress\/wp-content\/uploads\/2020\/09\/Muenchen_Annemarie-211x300.jpg 211w, https:\/\/sicherewiesn.de\/wordpress\/wp-content\/uploads\/2020\/09\/Muenchen_Annemarie-722x1024.jpg 722w, https:\/\/sicherewiesn.de\/wordpress\/wp-content\/uploads\/2020\/09\/Muenchen_Annemarie-768x1090.jpg 768w, https:\/\/sicherewiesn.de\/wordpress\/wp-content\/uploads\/2020\/09\/Muenchen_Annemarie-600x851.jpg 600w, https:\/\/sicherewiesn.de\/wordpress\/wp-content\/uploads\/2020\/09\/Muenchen_Annemarie-1083x1536.jpg 1083w, https:\/\/sicherewiesn.de\/wordpress\/wp-content\/uploads\/2020\/09\/Muenchen_Annemarie.jpg 1356w\" sizes=\"auto, (max-width: 263px) 100vw, 263px\" \/><\/h1>\n\n\n\n<h2 class=\"wp-block-heading\">\u201eOb mit oder ohne Wiesn \u2013 in M\u00fcnchen ist<br>kein Platz f\u00fcr sexuelle \u00dcbergriffe.\u201c<\/h2>\n\n\n\n<p>Keine Wiesn 2020 \u2013 das bedeutet keine Lebkuchenherzen, keine Fahrt im Riesenrad, kein Wiesnhit, kein Bierzeltflirt und keine G\u00e4ste aus aller Welt. Doch obwohl so viele der sch\u00f6nen Seiten des Oktoberfestes dieses Jahr entfallen m\u00fcssen, bleibt eine Schattenseite leider erhalten: denn sexuelle Gewalt gegen M\u00e4dchen* und Frauen* hat keine Saison, sie findet ganzj\u00e4hrig statt. Jederzeit und \u00fcberall.<br>Aus diesem Grund startet die Aktion \u201eSichere Wiesn f\u00fcr M\u00e4dchen* und Frauen*\u201c heuer im September eine Plakatkampagne, denn egal, ob mit oder ohne Wiesn \u2013 in M\u00fcnchen ist kein Platz f\u00fcr sexuelle \u00dcbergriffe.<\/p>\n\n\n\n<h2 class=\"wp-block-heading\">PROMINENTE UNTERST\u00dcTZUNG<\/h2>\n\n\n\n<p>Als Pat*innen f\u00fcr die Kampagne zeigt unter anderem die M\u00fcnchner Stadtspitze klare Haltung: Oberb\u00fcrgermeister Dieter Reiter sowie die B\u00fcrgermeisterinnen Katrin Habenschaden und Verena Dietl stehen auf den Plakaten mit ihren Personen ein f\u00fcr ein M\u00fcnchen, das den T\u00e4tern (und T\u00e4terinnen) entschieden entgegen tritt. Dar\u00fcber hinaus engagieren sich Landrat Christoph G\u00f6bel, Polizeipr\u00e4sident Hubertus Andr\u00e4 und Armbrustsch\u00fctzen-Festzelt-Wirtin Katharina Inselkammer f\u00fcr die Kampagne. Unten gibt es alle Plakate zu sehen.<\/p>\n\n\n\n<h2 class=\"wp-block-heading\">UNSERE PLAKATMOTIVE<\/h2>\n\n\n\n<p><a href=\"https:\/\/sicherewiesn.de\/wordpress\/de\/kampagne2020\/frauennotruf_reiter_mu%e2%95%a0enchen_a37_4c-2\/#main\" rel=\"attachment wp-att-1208\">Dieter Reiter (Oberb\u00fcrgermeister M\u00fcnchen)<\/a><\/p>\n\n\n\n<p><a href=\"https:\/\/sicherewiesn.de\/wordpress\/de\/kampagne2020\/frauennotruf_habenschaden_mu%e2%95%a0enchen_a35_4c-2\/#main\" rel=\"attachment wp-att-1209\">Katrin Habenschaden (Zweite B\u00fcrgermeisterin M\u00fcnchen)<\/a><\/p>\n\n\n\n<p><a href=\"https:\/\/sicherewiesn.de\/wordpress\/de\/kampagne2020\/frauennotruf_dietl_mu%e2%95%a0enchen_a38_4c-2\/#main\" rel=\"attachment wp-att-1210\">Verena Dietl (Dritte B\u00fcrgermeisterin M\u00fcnchen)<\/a><\/p>\n\n\n\n<p><a href=\"https:\/\/sicherewiesn.de\/wordpress\/de\/kampagne2020\/frauennotruf_goebel_landkreis_a32_4c-2\/#main\" rel=\"attachment wp-att-1211\">Christoph G\u00f6bel (Landrat Landkreis M\u00fcnchen)<\/a><\/p>\n\n\n\n<p><a href=\"https:\/\/sicherewiesn.de\/wordpress\/de\/kampagne2020\/frauennotruf_andrae_mu%e2%95%a0enchen_a32_4c-2\/#main\" rel=\"attachment wp-att-1212\">Hubertus Andr\u00e4 (Polizeipr\u00e4sident M\u00fcnchen)<\/a><\/p>\n\n\n\n<p><a href=\"https:\/\/sicherewiesn.de\/wordpress\/de\/kampagne2020\/frauennotruf_inselkammer_mu%e2%95%a0enchen_a36_4c-2\/#main\" rel=\"attachment wp-att-1213\">Katharina Inselkammer (Wiesnwirtin Armbrustsch\u00fctzenzelt)<\/a><\/p>\n\n\n\n<p><a href=\"https:\/\/sicherewiesn.de\/wordpress\/de\/kampagne2020\/frauennotruf_security_mu%e2%95%a0enchen_a34_4c-2\/#main\" rel=\"attachment wp-att-1214\">Nadja und Marie (Ehrenamtliche am Security Point f\u00fcr M\u00e4dchen und Frauen)<\/a><\/p>\n\n\n\n<p><a href=\"https:\/\/sicherewiesn.de\/wordpress\/de\/kampagne2020\/frauennotruf_gentleman_mu%e2%95%a0enchen_a33_4c-2\/#main\" rel=\"attachment wp-att-1215\">Kay und Patrick (WiesnGentleman, Condrobs e.V.)<\/a><\/p>\n\n\n\n<p><a href=\"https:\/\/sicherewiesn.de\/wordpress\/de\/kampagne2020\/frauennotruf_annemarie_mu%e2%95%a0enchen_a31_4c-6\/#main\" rel=\"attachment wp-att-1216\">Annemarie (Wiesnbedienung)<\/a><\/p>\n<div class=\"shariff shariff-align-flex-start shariff-widget-align-flex-start\" data-services=\"facebook\" data-url=\"https%3A%2F%2Fsicherewiesn.de%2Fwordpress%2Fkampagne-2020%2F\" data-timestamp=\"1689580281\" data-backendurl=\"https:\/\/sicherewiesn.de\/wordpress\/wp-json\/shariff\/v1\/share_counts?\"><div class=\"ShariffHeadline\">Teile diesen Beitrag<\/div><ul class=\"shariff-buttons theme-round orientation-horizontal buttonsize-medium\"><li class=\"shariff-button facebook shariff-nocustomcolor\" style=\"background-color:#4273c8\"><a href=\"https:\/\/www.facebook.com\/sharer\/sharer.php?u=https%3A%2F%2Fsicherewiesn.de%2Fwordpress%2Fkampagne-2020%2F\" title=\"Bei Facebook teilen\" aria-label=\"Bei Facebook teilen\" role=\"button\" rel=\"nofollow\" class=\"shariff-link\" style=\"; background-color:#3b5998; color:#fff\" target=\"_blank\"><span class=\"shariff-icon\" style=\"\"><svg width=\"32px\" height=\"20px\" xmlns=\"http:\/\/www.w3.org\/2000\/svg\" viewBox=\"0 0 18 32\"><path fill=\"#3b5998\" d=\"M17.1 0.2v4.7h-2.8q-1.5 0-2.1 0.6t-0.5 1.9v3.4h5.2l-0.7 5.3h-4.5v13.6h-5.5v-13.6h-4.5v-5.3h4.5v-3.9q0-3.3 1.9-5.2t5-1.8q2.6 0 4.1 0.2z\"\/><\/svg><\/span><\/a><\/li><li class=\"shariff-button twitter shariff-nocustomcolor\" style=\"background-color:#595959\"><a href=\"https:\/\/twitter.com\/share?url=https%3A%2F%2Fsicherewiesn.de%2Fwordpress%2Fkampagne-2020%2F&text=Kampagne%202020\" title=\"Bei X teilen\" aria-label=\"Bei X teilen\" role=\"button\" rel=\"noopener nofollow\" class=\"shariff-link\" style=\"; background-color:#000; color:#fff\" target=\"_blank\"><span class=\"shariff-icon\" style=\"\"><svg width=\"32px\" height=\"20px\" xmlns=\"http:\/\/www.w3.org\/2000\/svg\" viewBox=\"0 0 24 24\"><path fill=\"#000\" d=\"M14.258 10.152L23.176 0h-2.113l-7.747 8.813L7.133 0H0l9.352 13.328L0 23.973h2.113l8.176-9.309 6.531 9.309h7.133zm-2.895 3.293l-.949-1.328L2.875 1.56h3.246l6.086 8.523.945 1.328 7.91 11.078h-3.246zm0 0\"\/><\/svg><\/span><\/a><\/li><li class=\"shariff-button whatsapp shariff-nocustomcolor\" style=\"background-color:#5cbe4a\"><a href=\"https:\/\/api.whatsapp.com\/send?text=https%3A%2F%2Fsicherewiesn.de%2Fwordpress%2Fkampagne-2020%2F%20Kampagne%202020\" title=\"Bei Whatsapp teilen\" aria-label=\"Bei Whatsapp teilen\" role=\"button\" rel=\"noopener nofollow\" class=\"shariff-link\" style=\"; background-color:#34af23; color:#fff\" target=\"_blank\"><span class=\"shariff-icon\" style=\"\"><svg width=\"32px\" height=\"20px\" xmlns=\"http:\/\/www.w3.org\/2000\/svg\" viewBox=\"0 0 32 32\"><path fill=\"#34af23\" d=\"M17.6 17.4q0.2 0 1.7 0.8t1.6 0.9q0 0.1 0 0.3 0 0.6-0.3 1.4-0.3 0.7-1.3 1.2t-1.8 0.5q-1 0-3.4-1.1-1.7-0.8-3-2.1t-2.6-3.3q-1.3-1.9-1.3-3.5v-0.1q0.1-1.6 1.3-2.8 0.4-0.4 0.9-0.4 0.1 0 0.3 0t0.3 0q0.3 0 0.5 0.1t0.3 0.5q0.1 0.4 0.6 1.6t0.4 1.3q0 0.4-0.6 1t-0.6 0.8q0 0.1 0.1 0.3 0.6 1.3 1.8 2.4 1 0.9 2.7 1.8 0.2 0.1 0.4 0.1 0.3 0 1-0.9t0.9-0.9zM14 26.9q2.3 0 4.3-0.9t3.6-2.4 2.4-3.6 0.9-4.3-0.9-4.3-2.4-3.6-3.6-2.4-4.3-0.9-4.3 0.9-3.6 2.4-2.4 3.6-0.9 4.3q0 3.6 2.1 6.6l-1.4 4.2 4.3-1.4q2.8 1.9 6.2 1.9zM14 2.2q2.7 0 5.2 1.1t4.3 2.9 2.9 4.3 1.1 5.2-1.1 5.2-2.9 4.3-4.3 2.9-5.2 1.1q-3.5 0-6.5-1.7l-7.4 2.4 2.4-7.2q-1.9-3.2-1.9-6.9 0-2.7 1.1-5.2t2.9-4.3 4.3-2.9 5.2-1.1z\"\/><\/svg><\/span><\/a><\/li><\/ul><\/div>","protected":false},"excerpt":{"rendered":"<p>&#8222;Kein Platz f\u00fcr sexuelle \u00dcbergriffe&#8220; \u201eOb mit oder ohne Wiesn \u2013 in M\u00fcnchen istkein Platz f\u00fcr sexuelle \u00dcbergriffe.\u201c Keine Wiesn 2020 \u2013 das bedeutet keine Lebkuchenherzen, keine Fahrt im Riesenrad, kein Wiesnhit, kein Bierzeltflirt und keine G\u00e4ste aus aller Welt. Doch obwohl so viele der sch\u00f6nen Seiten des Oktoberfestes dieses Jahr entfallen m\u00fcssen, bleibt eine &#8230; <a title=\"Kampagne 2020\" class=\"read-more\" href=\"https:\/\/sicherewiesn.de\/wordpress\/kampagne-2020\/\" aria-label=\"Mehr Informationen \u00fcber Kampagne 2020\">Weiterlesen &#8230;<\/a><\/p>\n","protected":false},"author":3,"featured_media":0,"parent":0,"menu_order":0,"comment_status":"closed","ping_status":"closed","template":"","meta":{"generate_page_header":"","footnotes":""},"class_list":{"0":"post-1260","1":"page","2":"type-page","3":"status-publish","5":"infinite-scroll-item"},"_links":{"self":[{"href":"https:\/\/sicherewiesn.de\/wordpress\/wp-json\/wp\/v2\/pages\/1260","targetHints":{"allow":["GET"]}}],"collection":[{"href":"https:\/\/sicherewiesn.de\/wordpress\/wp-json\/wp\/v2\/pages"}],"about":[{"href":"https:\/\/sicherewiesn.de\/wordpress\/wp-json\/wp\/v2\/types\/page"}],"author":[{"embeddable":true,"href":"https:\/\/sicherewiesn.de\/wordpress\/wp-json\/wp\/v2\/users\/3"}],"replies":[{"embeddable":true,"href":"https:\/\/sicherewiesn.de\/wordpress\/wp-json\/wp\/v2\/comments?post=1260"}],"version-history":[{"count":4,"href":"https:\/\/sicherewiesn.de\/wordpress\/wp-json\/wp\/v2\/pages\/1260\/revisions"}],"predecessor-version":[{"id":1738,"href":"https:\/\/sicherewiesn.de\/wordpress\/wp-json\/wp\/v2\/pages\/1260\/revisions\/1738"}],"wp:attachment":[{"href":"https:\/\/sicherewiesn.de\/wordpress\/wp-json\/wp\/v2\/media?parent=1260"}],"curies":[{"name":"wp","href":"https:\/\/api.w.org\/{rel}","templated":true}]}}