{"id":111,"date":"2018-06-14T06:39:58","date_gmt":"2018-06-14T06:39:58","guid":{"rendered":"http:\/\/sicherewiesn.de\/wordpress\/?page_id=111"},"modified":"2025-09-17T09:00:30","modified_gmt":"2025-09-17T09:00:30","slug":"team","status":"publish","type":"page","link":"https:\/\/sicherewiesn.de\/wordpress\/ueber-die-aktion\/team\/","title":{"rendered":"Team"},"content":{"rendered":"\n<h2 class=\"wp-block-heading\">Das sind wir \u2013 Das Organisationsteam der Sicheren Wiesn:<\/h2>\n\n\n\n<figure class=\"wp-block-image size-full is-resized\"><img loading=\"lazy\" decoding=\"async\" width=\"2255\" height=\"2338\" src=\"https:\/\/sicherewiesn.de\/wordpress\/wp-content\/uploads\/2025\/09\/ManuelaSoller_Web.jpg\" alt=\"\" class=\"wp-image-2219\" style=\"width:208px;height:auto\" srcset=\"https:\/\/sicherewiesn.de\/wordpress\/wp-content\/uploads\/2025\/09\/ManuelaSoller_Web.jpg 2255w, https:\/\/sicherewiesn.de\/wordpress\/wp-content\/uploads\/2025\/09\/ManuelaSoller_Web-289x300.jpg 289w, https:\/\/sicherewiesn.de\/wordpress\/wp-content\/uploads\/2025\/09\/ManuelaSoller_Web-988x1024.jpg 988w, https:\/\/sicherewiesn.de\/wordpress\/wp-content\/uploads\/2025\/09\/ManuelaSoller_Web-768x796.jpg 768w, https:\/\/sicherewiesn.de\/wordpress\/wp-content\/uploads\/2025\/09\/ManuelaSoller_Web-1481x1536.jpg 1481w, https:\/\/sicherewiesn.de\/wordpress\/wp-content\/uploads\/2025\/09\/ManuelaSoller_Web-1975x2048.jpg 1975w\" sizes=\"auto, (max-width: 2255px) 100vw, 2255px\" \/><\/figure>\n\n\n\n<p><strong>Manuela Soller, AMYNA e.V<\/strong>., Ansprechpartnerin f\u00fcr \u00d6ffentlichkeitsarbeit<\/p>\n\n\n\n<figure class=\"wp-block-image size-full is-resized\"><img loading=\"lazy\" decoding=\"async\" width=\"1199\" height=\"1600\" src=\"https:\/\/sicherewiesn.de\/wordpress\/wp-content\/uploads\/2025\/09\/Krissi_Laecheln.jpeg\" alt=\"\" class=\"wp-image-2220\" style=\"width:195px;height:auto\" srcset=\"https:\/\/sicherewiesn.de\/wordpress\/wp-content\/uploads\/2025\/09\/Krissi_Laecheln.jpeg 1199w, https:\/\/sicherewiesn.de\/wordpress\/wp-content\/uploads\/2025\/09\/Krissi_Laecheln-225x300.jpeg 225w, https:\/\/sicherewiesn.de\/wordpress\/wp-content\/uploads\/2025\/09\/Krissi_Laecheln-767x1024.jpeg 767w, https:\/\/sicherewiesn.de\/wordpress\/wp-content\/uploads\/2025\/09\/Krissi_Laecheln-768x1025.jpeg 768w, https:\/\/sicherewiesn.de\/wordpress\/wp-content\/uploads\/2025\/09\/Krissi_Laecheln-1151x1536.jpeg 1151w\" sizes=\"auto, (max-width: 1199px) 100vw, 1199px\" \/><\/figure>\n\n\n\n<p><strong>Kristina Gottl\u00f6ber, IMMA e.V. ; <\/strong>Ansprechpartnerin f\u00fcr Pressearbeit und Pausenhofprojekt<\/p>\n\n\n\n<figure class=\"wp-block-image size-full is-resized\"><img loading=\"lazy\" decoding=\"async\" width=\"1200\" height=\"1600\" src=\"https:\/\/sicherewiesn.de\/wordpress\/wp-content\/uploads\/2025\/09\/Lisa_Laecheln.jpeg\" alt=\"\" class=\"wp-image-2222\" style=\"width:211px;height:auto\" srcset=\"https:\/\/sicherewiesn.de\/wordpress\/wp-content\/uploads\/2025\/09\/Lisa_Laecheln.jpeg 1200w, https:\/\/sicherewiesn.de\/wordpress\/wp-content\/uploads\/2025\/09\/Lisa_Laecheln-225x300.jpeg 225w, https:\/\/sicherewiesn.de\/wordpress\/wp-content\/uploads\/2025\/09\/Lisa_Laecheln-768x1024.jpeg 768w, https:\/\/sicherewiesn.de\/wordpress\/wp-content\/uploads\/2025\/09\/Lisa_Laecheln-1152x1536.jpeg 1152w\" sizes=\"auto, (max-width: 1200px) 100vw, 1200px\" \/><\/figure>\n\n\n\n<p><strong>Lisa L\u00f6ffler , <\/strong><strong>Beratungsstelle Frauen*notruf M\u00fcnchen ; <\/strong>Ansprechpartnerin f\u00fcr Safe Space und Ehrenamtliche<\/p>\n\n\n\n<figure class=\"wp-block-image size-large is-resized\"><img loading=\"lazy\" decoding=\"async\" width=\"1024\" height=\"683\" src=\"https:\/\/sicherewiesn.de\/wordpress\/wp-content\/uploads\/2024\/08\/Sibylle_1_web-1024x683.jpg\" alt=\"\" class=\"wp-image-1976\" style=\"width:288px;height:auto\" srcset=\"https:\/\/sicherewiesn.de\/wordpress\/wp-content\/uploads\/2024\/08\/Sibylle_1_web-1024x683.jpg 1024w, https:\/\/sicherewiesn.de\/wordpress\/wp-content\/uploads\/2024\/08\/Sibylle_1_web-300x200.jpg 300w, https:\/\/sicherewiesn.de\/wordpress\/wp-content\/uploads\/2024\/08\/Sibylle_1_web-768x512.jpg 768w, https:\/\/sicherewiesn.de\/wordpress\/wp-content\/uploads\/2024\/08\/Sibylle_1_web-1536x1024.jpg 1536w, https:\/\/sicherewiesn.de\/wordpress\/wp-content\/uploads\/2024\/08\/Sibylle_1_web-2048x1366.jpg 2048w\" sizes=\"auto, (max-width: 1024px) 100vw, 1024px\" \/><\/figure>\n\n\n\n<p><strong>Sibylle H\u00e4rtl , AMYNA e.V.; <\/strong>Ansprechpartnerin f\u00fcr Finanzen<\/p>\n\n\n\n<p>Wir planen die gesamte Aktion gemeinsam. Am Safe Space arbeiten weitere Fachkr\u00e4fte, die Erfahrungen in der Krisenberatung haben, sowie etwa 40 ehrenamtliche Mitarbeiterinnen. Die ehrenamtlichen Mitarbeiterinnen, oft Studentinnen der Sozialen Arbeit oder Psychologie, werden von uns speziell f\u00fcr ihren Einsatz auf der Wiesn qualifiziert.<\/p>\n\n\n\n<hr class=\"wp-block-separator has-alpha-channel-opacity\"\/>\n\n\n\n<p><a href=\"\/\/sicherewiesn.de\/wordpress\/\">\u2039 zur\u00fcck zur Startseite<\/a><\/p>\n<div class=\"shariff shariff-align-left shariff-widget-align-left\" data-services=\"facebook\" data-url=\"https:\/\/sicherewiesn.de\/wordpress\/ueber-die-aktion\/team\/\" data-timestamp=\"1758099630\" data-backendurl=\"https:\/\/sicherewiesn.de\/wordpress\/wp-json\/shariff\/v1\/share_counts?\"><div class=\"ShariffHeadline\">Teile diesen Beitrag<\/div><ul class=\"shariff-buttons theme-round orientation-horizontal buttonsize-medium\"><li class=\"shariff-button facebook shariff-nocustomcolor\" style=\"background-color:#4273c8\"><a href=\"https:\/\/www.facebook.com\/sharer\/sharer.php?u=https%3A%2F%2Fsicherewiesn.de%2Fwordpress%2Fueber-die-aktion%2Fteam%2F\" title=\"Bei Facebook teilen\" aria-label=\"Bei Facebook teilen\" role=\"button\" rel=\"nofollow\" class=\"shariff-link\" style=\"; background-color:#3b5998; color:#fff\" target=\"_blank\"><span class=\"shariff-icon\" style=\"\"><svg width=\"32px\" height=\"20px\" xmlns=\"http:\/\/www.w3.org\/2000\/svg\" viewBox=\"0 0 18 32\"><path fill=\"#3b5998\" d=\"M17.1 0.2v4.7h-2.8q-1.5 0-2.1 0.6t-0.5 1.9v3.4h5.2l-0.7 5.3h-4.5v13.6h-5.5v-13.6h-4.5v-5.3h4.5v-3.9q0-3.3 1.9-5.2t5-1.8q2.6 0 4.1 0.2z\"\/><\/svg><\/span><\/a><\/li><li class=\"shariff-button twitter shariff-nocustomcolor\" style=\"background-color:#595959\"><a href=\"https:\/\/twitter.com\/share?url=https%3A%2F%2Fsicherewiesn.de%2Fwordpress%2Fueber-die-aktion%2Fteam%2F&text=Team\" title=\"Bei X teilen\" aria-label=\"Bei X teilen\" role=\"button\" rel=\"noopener nofollow\" class=\"shariff-link\" style=\"; background-color:#000; color:#fff\" target=\"_blank\"><span class=\"shariff-icon\" style=\"\"><svg width=\"32px\" height=\"20px\" xmlns=\"http:\/\/www.w3.org\/2000\/svg\" viewBox=\"0 0 24 24\"><path fill=\"#000\" d=\"M14.258 10.152L23.176 0h-2.113l-7.747 8.813L7.133 0H0l9.352 13.328L0 23.973h2.113l8.176-9.309 6.531 9.309h7.133zm-2.895 3.293l-.949-1.328L2.875 1.56h3.246l6.086 8.523.945 1.328 7.91 11.078h-3.246zm0 0\"\/><\/svg><\/span><\/a><\/li><li class=\"shariff-button whatsapp shariff-nocustomcolor\" style=\"background-color:#5cbe4a\"><a href=\"https:\/\/api.whatsapp.com\/send?text=https%3A%2F%2Fsicherewiesn.de%2Fwordpress%2Fueber-die-aktion%2Fteam%2F%20Team\" title=\"Bei Whatsapp teilen\" aria-label=\"Bei Whatsapp teilen\" role=\"button\" rel=\"noopener nofollow\" class=\"shariff-link\" style=\"; background-color:#34af23; color:#fff\" target=\"_blank\"><span class=\"shariff-icon\" style=\"\"><svg width=\"32px\" height=\"20px\" xmlns=\"http:\/\/www.w3.org\/2000\/svg\" viewBox=\"0 0 32 32\"><path fill=\"#34af23\" d=\"M17.6 17.4q0.2 0 1.7 0.8t1.6 0.9q0 0.1 0 0.3 0 0.6-0.3 1.4-0.3 0.7-1.3 1.2t-1.8 0.5q-1 0-3.4-1.1-1.7-0.8-3-2.1t-2.6-3.3q-1.3-1.9-1.3-3.5v-0.1q0.1-1.6 1.3-2.8 0.4-0.4 0.9-0.4 0.1 0 0.3 0t0.3 0q0.3 0 0.5 0.1t0.3 0.5q0.1 0.4 0.6 1.6t0.4 1.3q0 0.4-0.6 1t-0.6 0.8q0 0.1 0.1 0.3 0.6 1.3 1.8 2.4 1 0.9 2.7 1.8 0.2 0.1 0.4 0.1 0.3 0 1-0.9t0.9-0.9zM14 26.9q2.3 0 4.3-0.9t3.6-2.4 2.4-3.6 0.9-4.3-0.9-4.3-2.4-3.6-3.6-2.4-4.3-0.9-4.3 0.9-3.6 2.4-2.4 3.6-0.9 4.3q0 3.6 2.1 6.6l-1.4 4.2 4.3-1.4q2.8 1.9 6.2 1.9zM14 2.2q2.7 0 5.2 1.1t4.3 2.9 2.9 4.3 1.1 5.2-1.1 5.2-2.9 4.3-4.3 2.9-5.2 1.1q-3.5 0-6.5-1.7l-7.4 2.4 2.4-7.2q-1.9-3.2-1.9-6.9 0-2.7 1.1-5.2t2.9-4.3 4.3-2.9 5.2-1.1z\"\/><\/svg><\/span><\/a><\/li><\/ul><\/div>","protected":false},"excerpt":{"rendered":"<p>Das sind wir \u2013 Das Organisationsteam der Sicheren Wiesn: Manuela Soller, AMYNA e.V., Ansprechpartnerin f\u00fcr \u00d6ffentlichkeitsarbeit Kristina Gottl\u00f6ber, IMMA e.V. ; Ansprechpartnerin f\u00fcr Pressearbeit und Pausenhofprojekt Lisa L\u00f6ffler , Beratungsstelle Frauen*notruf M\u00fcnchen ; Ansprechpartnerin f\u00fcr Safe Space und Ehrenamtliche Sibylle H\u00e4rtl , AMYNA e.V.; Ansprechpartnerin f\u00fcr Finanzen Wir planen die gesamte Aktion gemeinsam. Am Safe &#8230; <a title=\"Team\" class=\"read-more\" href=\"https:\/\/sicherewiesn.de\/wordpress\/ueber-die-aktion\/team\/\" aria-label=\"Mehr Informationen \u00fcber Team\">Weiterlesen &#8230;<\/a><\/p>\n","protected":false},"author":1,"featured_media":0,"parent":143,"menu_order":2,"comment_status":"closed","ping_status":"closed","template":"","meta":{"generate_page_header":"","footnotes":""},"class_list":{"0":"post-111","1":"page","2":"type-page","3":"status-publish","5":"infinite-scroll-item"},"_links":{"self":[{"href":"https:\/\/sicherewiesn.de\/wordpress\/wp-json\/wp\/v2\/pages\/111","targetHints":{"allow":["GET"]}}],"collection":[{"href":"https:\/\/sicherewiesn.de\/wordpress\/wp-json\/wp\/v2\/pages"}],"about":[{"href":"https:\/\/sicherewiesn.de\/wordpress\/wp-json\/wp\/v2\/types\/page"}],"author":[{"embeddable":true,"href":"https:\/\/sicherewiesn.de\/wordpress\/wp-json\/wp\/v2\/users\/1"}],"replies":[{"embeddable":true,"href":"https:\/\/sicherewiesn.de\/wordpress\/wp-json\/wp\/v2\/comments?post=111"}],"version-history":[{"count":32,"href":"https:\/\/sicherewiesn.de\/wordpress\/wp-json\/wp\/v2\/pages\/111\/revisions"}],"predecessor-version":[{"id":2223,"href":"https:\/\/sicherewiesn.de\/wordpress\/wp-json\/wp\/v2\/pages\/111\/revisions\/2223"}],"up":[{"embeddable":true,"href":"https:\/\/sicherewiesn.de\/wordpress\/wp-json\/wp\/v2\/pages\/143"}],"wp:attachment":[{"href":"https:\/\/sicherewiesn.de\/wordpress\/wp-json\/wp\/v2\/media?parent=111"}],"curies":[{"name":"wp","href":"https:\/\/api.w.org\/{rel}","templated":true}]}}