{"id":109,"date":"2019-05-01T06:39:31","date_gmt":"2019-05-01T06:39:31","guid":{"rendered":"http:\/\/sicherewiesn.de\/wordpress\/?page_id=109"},"modified":"2024-08-05T08:46:03","modified_gmt":"2024-08-05T08:46:03","slug":"traegerinnen","status":"publish","type":"page","link":"https:\/\/sicherewiesn.de\/wordpress\/ueber-die-aktion\/traegerinnen\/","title":{"rendered":"Tr\u00e4gerinnen der Aktion"},"content":{"rendered":"\n<figure class=\"wp-block-image\"><img loading=\"lazy\" decoding=\"async\" width=\"93\" height=\"79\" src=\"\/\/sicherewiesn.de\/wordpress\/wp-content\/uploads\/2016\/06\/AMYNA_CMYK_klein.jpg\" alt=\"AMYNA e.V.\" class=\"wp-image-344\"\/><\/figure>\n\n\n\n<p><strong>AMYNA e.V.<\/strong> setzt sich in allen Arbeitsbereichen f\u00fcr den Schutz von M\u00e4dchen* und Jungen* vor sexueller Gewalt ein. Unser Leitspruch ist: \u201eKein Kind kann sich alleine sch\u00fctzen!\u201c; daher sind die Zielgruppen der Arbeit von AMYNA e.V. ausschlie\u00dflich Erwachsene (Eltern, Multiplikator*innen, Ehrenamtliche und weitere erwachsene Bezugspersonen), die f\u00fcr Kinder Verantwortung tragen.<\/p>\n\n\n\n<p><br>Unsere Angebote (u.a.):<\/p>\n\n\n\n<ul class=\"wp-block-list\">\n<li>Elternabende<\/li>\n\n\n\n<li>Beratung zu Fragen der Pr\u00e4vention<\/li>\n\n\n\n<li>Vortr\u00e4ge und Fortbildungen f\u00fcr p\u00e4dagogische Fachkr\u00e4fte<\/li>\n\n\n\n<li>Beratung und Begleitung von Institutionen bei der Entwicklung spezifischer Schutzkonzepte<\/li>\n\n\n\n<li>Eigene Pr\u00e4ventionsprojekte bzw. Projekte im Auftrag<\/li>\n\n\n\n<li>Pr\u00e4senzbibliothek (\u201eInfothek\u201c) mit \u00fcber 3000 Medien<\/li>\n\n\n\n<li>Informationen zu M\u00f6glichkeiten der Verdachtsabkl\u00e4rung und Weitervermittlung an geeignete Beratungsstellen<\/li>\n\n\n\n<li>Vielf\u00e4ltige Formen der \u00d6ffentlichkeitsarbeit<\/li>\n\n\n\n<li>Aktionen mit Kooperationspartnerinnen, z.B. die \u201eSichere Wiesn f\u00fcr M\u00e4dchen* und Frauen*\u201c oder \u201eAugen auf! Schutz in M\/\/B\u00e4dern\u201c<\/li>\n\n\n\n<li>Wir arbeiten in allen Angeboten und Arbeitsfeldern parteilich und interkulturell. AMYNA geh\u00f6rt dem Parit\u00e4tischen Bayern an und ist Mitglied in der Deutschen Gesellschaft f\u00fcr Pr\u00e4vention und Intervention bei Kindesmisshandlung und \u2013Vernachl\u00e4ssigung (DGfPI e.V.)<br><\/li>\n<\/ul>\n\n\n\n<figure class=\"wp-block-image\"><img loading=\"lazy\" decoding=\"async\" width=\"300\" height=\"64\" src=\"\/\/sicherewiesn.de\/wordpress\/wp-content\/uploads\/2016\/06\/Logo_Imma-300x64.png\" alt=\"Logo IMMA\" class=\"wp-image-333\" srcset=\"https:\/\/sicherewiesn.de\/wordpress\/wp-content\/uploads\/2016\/06\/Logo_Imma-300x64.png 300w, https:\/\/sicherewiesn.de\/wordpress\/wp-content\/uploads\/2016\/06\/Logo_Imma-768x164.png 768w, https:\/\/sicherewiesn.de\/wordpress\/wp-content\/uploads\/2016\/06\/Logo_Imma-1024x219.png 1024w\" sizes=\"auto, (max-width: 300px) 100vw, 300px\" \/><\/figure>\n\n\n\n<p><strong>IMMA e.V. Initiative f\u00fcr M\u00fcnchner M\u00e4dchen*<\/strong> ist Tr\u00e4gerverein von zehn Einrichtungen f\u00fcr M\u00e4dchen* und junge Frauen* in M\u00fcnchen. Ziel des Vereins ist es, M\u00e4dchen* und Frauen* so zu f\u00f6rdern, dass sie selbstbestimmt und gleichberechtigt ihren Platz in allen \u00f6ffentlichen und privaten Lebensbereichen einnehmen k\u00f6nnen. Die Angebote reichen von pr\u00e4ventiven Ma\u00dfnahmen \u00fcber Beratung und station\u00e4re Betreuung bis hin zur Qualifizierung von Fachkr\u00e4ften.<br>In der Beratungsstelle, der Fachstelle Zwangsheirat sowie den Flexiblen Hilfen ambulant finden M\u00e4dchen* und junge Frauen* sowie deren Bezugspersonen Unterst\u00fctzung bei unterschiedlichen Problemlagen. Schwerpunkt der Arbeit ist die Traumatisierung durch sexuelle, k\u00f6rperliche, psychische und h\u00e4usliche Gewalt.<br>Zora Gruppen und Schulprojekte bieten Gewaltpr\u00e4vention an Schulen, Trainings f\u00fcr Gewalt aus\u00fcbende M\u00e4dchen* und einen offenen Treff f\u00fcr junge Lesben an.<br>In der Zufluchtstelle bekommen M\u00e4dchen* und junge Frauen* Schutz und eine vor\u00fcbergehende Wohnm\u00f6glichkeit, bei den Flexiblen Hilfen station\u00e4r werden M\u00e4dchen* und junge Frauen* in Apartments und Klein-WGs intensiv betreut, ebenso in der Wohngruppe Imara f\u00fcr M\u00e4dchen* und junge Frauen* mit oder ohne Fluchthintergrund.<br>Im Wohnprojekt Mirembe stellt IMMA spezielle Angebote f\u00fcr besonders schutzbed\u00fcrftige gefl\u00fcchtete Frauen und deren Kinder bereit. Die Einrichtung SchrittWeise erg\u00e4nzt das station\u00e4re Feld mit betreutem Einzelwohnen f\u00fcr erwachsene Frauen* mit psychischer Erkrankung. Die Kontakt- und Informationsstelle bietet Fachkr\u00e4ften und Multiplikator<em>innen Information und berufliche Qualifikation in den Bereichen M\u00e4dchen<\/em>arbeit, Gender Mainstreaming und geschlechtsbezogene P\u00e4dagogik.<\/p>\n\n\n\n<figure class=\"wp-block-image\"><img loading=\"lazy\" decoding=\"async\" width=\"300\" height=\"102\" src=\"https:\/\/sicherewiesn.de\/wordpress\/wp-content\/uploads\/2020\/02\/frauennotruf-logo-300x102.png\" alt=\"\" class=\"wp-image-1092\" srcset=\"https:\/\/sicherewiesn.de\/wordpress\/wp-content\/uploads\/2020\/02\/frauennotruf-logo-300x102.png 300w, https:\/\/sicherewiesn.de\/wordpress\/wp-content\/uploads\/2020\/02\/frauennotruf-logo.png 320w\" sizes=\"auto, (max-width: 300px) 100vw, 300px\" \/><\/figure>\n\n\n\n<p class=\"has-text-align-left\">Die Beratungsstelle Frauennotruf M\u00fcnchen besteht seit 1992 und ist Anlauf- und Beratungsstelle f\u00fcr Frauen* mit sexualisierten Gewalterfahrungen. Die Organisation bietet<br>vielf\u00e4ltige Hilfe bei allen Erscheinungsformen sexueller Gewalt gegen Frauen* &#8211; nach Vergewaltigung, sexuellem Missbrauch in Kindheit und Jugend, bei sexualisierten \u00dcbergriffen im Alltag, in nahen Beziehungen und am Arbeitsplatz. Das Angebotsspektrum reicht von telefonischer und pers\u00f6nlicher Beratung, Psychosozialer Prozessbegleitung bis hin zu Traumatherapie, Gruppen und Beratung von Angeh\u00f6rigen. Im gesch\u00fctzten Rahmen k\u00f6nnen Frauen* und M\u00e4dchen* das Geschehene aufarbeiten und so ihr Selbstwertgef\u00fchl und ihre W\u00fcrde wieder finden. In Beratungsgespr\u00e4chen werden sie ermutigt, Handlungsspielr\u00e4ume auszuweiten, ihre Rechte wahrzunehmen und so aus der Opferrolle herauszutreten.<br>Dar\u00fcber hinaus betreibt die Beratungsstelle Frauennotruf kontinuierliche Aufkl\u00e4rungsarbeit.<br>Veranstaltungen und Aktionen informieren \u00fcber Ursachen und Auswirkungen sexualisierter Gewalt gegen Frauen*<em>. Damit verfolgt die Einrichtung das \u00fcbergeordnete Ziel, die \u00d6ffentlichkeit f\u00fcr dieses noch immer tabuisierte Thema zu sensibilisieren und zu aktivieren. Die Beratungsstelle Frauennotruf f\u00fchrt j\u00e4hrlich circa 2.050 telefonische und 450 pers\u00f6nliche Beratungen f\u00fcr betroffene Frauen<\/em> durch. Tr\u00e4gerverein ist die &#8222;Initiative zur F\u00f6rderung des<br>Frauennotrufs M\u00fcnchen, IFFRA e.V.&#8220;.<br><\/p>\n\n\n\n<p><\/p>\n\n\n\n<hr class=\"wp-block-separator has-alpha-channel-opacity\"\/>\n\n\n\n<p><a href=\"\/\/sicherewiesn.de\/wordpress\/\">\u2039 zur\u00fcck zur Startseite<\/a><\/p>\n<div class=\"shariff shariff-align-flex-start shariff-widget-align-flex-start\" data-services=\"facebook\" data-url=\"https%3A%2F%2Fsicherewiesn.de%2Fwordpress%2Fueber-die-aktion%2Ftraegerinnen%2F\" data-timestamp=\"1722847563\" data-backendurl=\"https:\/\/sicherewiesn.de\/wordpress\/wp-json\/shariff\/v1\/share_counts?\"><div class=\"ShariffHeadline\">Teile diesen Beitrag<\/div><ul class=\"shariff-buttons theme-round orientation-horizontal buttonsize-medium\"><li class=\"shariff-button facebook shariff-nocustomcolor\" style=\"background-color:#4273c8\"><a href=\"https:\/\/www.facebook.com\/sharer\/sharer.php?u=https%3A%2F%2Fsicherewiesn.de%2Fwordpress%2Fueber-die-aktion%2Ftraegerinnen%2F\" title=\"Bei Facebook teilen\" aria-label=\"Bei Facebook teilen\" role=\"button\" rel=\"nofollow\" class=\"shariff-link\" style=\"; background-color:#3b5998; color:#fff\" target=\"_blank\"><span class=\"shariff-icon\" style=\"\"><svg width=\"32px\" height=\"20px\" xmlns=\"http:\/\/www.w3.org\/2000\/svg\" viewBox=\"0 0 18 32\"><path fill=\"#3b5998\" d=\"M17.1 0.2v4.7h-2.8q-1.5 0-2.1 0.6t-0.5 1.9v3.4h5.2l-0.7 5.3h-4.5v13.6h-5.5v-13.6h-4.5v-5.3h4.5v-3.9q0-3.3 1.9-5.2t5-1.8q2.6 0 4.1 0.2z\"\/><\/svg><\/span><\/a><\/li><li class=\"shariff-button twitter shariff-nocustomcolor\" style=\"background-color:#595959\"><a href=\"https:\/\/twitter.com\/share?url=https%3A%2F%2Fsicherewiesn.de%2Fwordpress%2Fueber-die-aktion%2Ftraegerinnen%2F&text=Tr%C3%A4gerinnen%20der%20Aktion\" title=\"Bei X teilen\" aria-label=\"Bei X teilen\" role=\"button\" rel=\"noopener nofollow\" class=\"shariff-link\" style=\"; background-color:#000; color:#fff\" target=\"_blank\"><span class=\"shariff-icon\" style=\"\"><svg width=\"32px\" height=\"20px\" xmlns=\"http:\/\/www.w3.org\/2000\/svg\" viewBox=\"0 0 24 24\"><path fill=\"#000\" d=\"M14.258 10.152L23.176 0h-2.113l-7.747 8.813L7.133 0H0l9.352 13.328L0 23.973h2.113l8.176-9.309 6.531 9.309h7.133zm-2.895 3.293l-.949-1.328L2.875 1.56h3.246l6.086 8.523.945 1.328 7.91 11.078h-3.246zm0 0\"\/><\/svg><\/span><\/a><\/li><li class=\"shariff-button whatsapp shariff-nocustomcolor\" style=\"background-color:#5cbe4a\"><a href=\"https:\/\/api.whatsapp.com\/send?text=https%3A%2F%2Fsicherewiesn.de%2Fwordpress%2Fueber-die-aktion%2Ftraegerinnen%2F%20Tr%C3%A4gerinnen%20der%20Aktion\" title=\"Bei Whatsapp teilen\" aria-label=\"Bei Whatsapp teilen\" role=\"button\" rel=\"noopener nofollow\" class=\"shariff-link\" style=\"; background-color:#34af23; color:#fff\" target=\"_blank\"><span class=\"shariff-icon\" style=\"\"><svg width=\"32px\" height=\"20px\" xmlns=\"http:\/\/www.w3.org\/2000\/svg\" viewBox=\"0 0 32 32\"><path fill=\"#34af23\" d=\"M17.6 17.4q0.2 0 1.7 0.8t1.6 0.9q0 0.1 0 0.3 0 0.6-0.3 1.4-0.3 0.7-1.3 1.2t-1.8 0.5q-1 0-3.4-1.1-1.7-0.8-3-2.1t-2.6-3.3q-1.3-1.9-1.3-3.5v-0.1q0.1-1.6 1.3-2.8 0.4-0.4 0.9-0.4 0.1 0 0.3 0t0.3 0q0.3 0 0.5 0.1t0.3 0.5q0.1 0.4 0.6 1.6t0.4 1.3q0 0.4-0.6 1t-0.6 0.8q0 0.1 0.1 0.3 0.6 1.3 1.8 2.4 1 0.9 2.7 1.8 0.2 0.1 0.4 0.1 0.3 0 1-0.9t0.9-0.9zM14 26.9q2.3 0 4.3-0.9t3.6-2.4 2.4-3.6 0.9-4.3-0.9-4.3-2.4-3.6-3.6-2.4-4.3-0.9-4.3 0.9-3.6 2.4-2.4 3.6-0.9 4.3q0 3.6 2.1 6.6l-1.4 4.2 4.3-1.4q2.8 1.9 6.2 1.9zM14 2.2q2.7 0 5.2 1.1t4.3 2.9 2.9 4.3 1.1 5.2-1.1 5.2-2.9 4.3-4.3 2.9-5.2 1.1q-3.5 0-6.5-1.7l-7.4 2.4 2.4-7.2q-1.9-3.2-1.9-6.9 0-2.7 1.1-5.2t2.9-4.3 4.3-2.9 5.2-1.1z\"\/><\/svg><\/span><\/a><\/li><\/ul><\/div>","protected":false},"excerpt":{"rendered":"<p>AMYNA e.V. setzt sich in allen Arbeitsbereichen f\u00fcr den Schutz von M\u00e4dchen* und Jungen* vor sexueller Gewalt ein. Unser Leitspruch ist: \u201eKein Kind kann sich alleine sch\u00fctzen!\u201c; daher sind die Zielgruppen der Arbeit von AMYNA e.V. ausschlie\u00dflich Erwachsene (Eltern, Multiplikator*innen, Ehrenamtliche und weitere erwachsene Bezugspersonen), die f\u00fcr Kinder Verantwortung tragen. Unsere Angebote (u.a.): IMMA e.V. &#8230; <a title=\"Tr\u00e4gerinnen der Aktion\" class=\"read-more\" href=\"https:\/\/sicherewiesn.de\/wordpress\/ueber-die-aktion\/traegerinnen\/\" aria-label=\"Mehr Informationen \u00fcber Tr\u00e4gerinnen der Aktion\">Weiterlesen &#8230;<\/a><\/p>\n","protected":false},"author":1,"featured_media":0,"parent":143,"menu_order":1,"comment_status":"closed","ping_status":"closed","template":"","meta":{"generate_page_header":"","footnotes":""},"class_list":{"0":"post-109","1":"page","2":"type-page","3":"status-publish","5":"infinite-scroll-item"},"_links":{"self":[{"href":"https:\/\/sicherewiesn.de\/wordpress\/wp-json\/wp\/v2\/pages\/109","targetHints":{"allow":["GET"]}}],"collection":[{"href":"https:\/\/sicherewiesn.de\/wordpress\/wp-json\/wp\/v2\/pages"}],"about":[{"href":"https:\/\/sicherewiesn.de\/wordpress\/wp-json\/wp\/v2\/types\/page"}],"author":[{"embeddable":true,"href":"https:\/\/sicherewiesn.de\/wordpress\/wp-json\/wp\/v2\/users\/1"}],"replies":[{"embeddable":true,"href":"https:\/\/sicherewiesn.de\/wordpress\/wp-json\/wp\/v2\/comments?post=109"}],"version-history":[{"count":11,"href":"https:\/\/sicherewiesn.de\/wordpress\/wp-json\/wp\/v2\/pages\/109\/revisions"}],"predecessor-version":[{"id":1987,"href":"https:\/\/sicherewiesn.de\/wordpress\/wp-json\/wp\/v2\/pages\/109\/revisions\/1987"}],"up":[{"embeddable":true,"href":"https:\/\/sicherewiesn.de\/wordpress\/wp-json\/wp\/v2\/pages\/143"}],"wp:attachment":[{"href":"https:\/\/sicherewiesn.de\/wordpress\/wp-json\/wp\/v2\/media?parent=109"}],"curies":[{"name":"wp","href":"https:\/\/api.w.org\/{rel}","templated":true}]}}