{"id":105,"date":"2016-06-17T06:38:48","date_gmt":"2016-06-17T06:38:48","guid":{"rendered":"http:\/\/sicherewiesn.de\/wordpress\/?page_id=105"},"modified":"2025-08-11T08:22:35","modified_gmt":"2025-08-11T08:22:35","slug":"beratung","status":"publish","type":"page","link":"https:\/\/sicherewiesn.de\/wordpress\/weitere-hilfe\/beratung\/","title":{"rendered":"Beratung"},"content":{"rendered":"<h2>Hier erh\u00e4ltst du auch nach den Oktoberfest Beratung und Unterst\u00fctzung:<\/h2>\n<hr \/>\n<p><img loading=\"lazy\" decoding=\"async\" class=\"alignnone size-medium wp-image-333\" src=\"\/\/sicherewiesn.de\/wordpress\/wp-content\/uploads\/2016\/06\/Logo_Imma-300x64.png\" alt=\"Logo IMMA\" width=\"300\" height=\"64\" srcset=\"https:\/\/sicherewiesn.de\/wordpress\/wp-content\/uploads\/2016\/06\/Logo_Imma-300x64.png 300w, https:\/\/sicherewiesn.de\/wordpress\/wp-content\/uploads\/2016\/06\/Logo_Imma-768x164.png 768w, https:\/\/sicherewiesn.de\/wordpress\/wp-content\/uploads\/2016\/06\/Logo_Imma-1024x219.png 1024w\" sizes=\"auto, (max-width: 300px) 100vw, 300px\" \/><\/p>\n<p>Wenn Dir auf dem Oktoberfest etwas Bl\u00f6des passiert ist und Du mit jemandem sprechen willst, sind wir f\u00fcr Dich da. Wir beraten Dich kostenfrei, auch anonym und ohne Wissen Deiner Eltern bei allen Themen, die Dich besch\u00e4ftigen.<\/p>\n<p>Beratungsstelle f\u00fcr M\u00e4dchen* und junge Frauen*<br \/>\nIMMA e.V.<br \/>\nJahnstra\u00dfe 38<br \/>\n80469 M\u00fcnchen<\/p>\n<p><a href=\"http:\/\/www.imma.de\/einrichtungen\/beratungsstelle.html\">http:\/\/www.imma.de\/einrichtungen\/beratungsstelle.html<\/a><\/p>\n<p>Offene Beratung: Dienstags, 14:00 &#8211; 16:00 Uhr, ohne Terminvereinbarung<\/p>\n<p>Telefonische Beratung: <strong>(089) 260 75 31<\/strong><\/p>\n<p>Montag 14:00 \u2013 16:00 Uhr<br \/>\nMittwoch 14:00 \u2013 18:00 Uhr<br \/>\nDonnerstag 10:00 \u2013 12:00 Uhr<br \/>\noder per R\u00fcckruf<\/p>\n<p>E-Mail: <a href=\"mailto:beratungsstelle@imma.de\">beratungsstelle@imma.de<\/a><\/p>\n<p>Onlineberatung: <a href=\"http:\/\/www.imma.de\/online-beratung.html\" target=\"_blank\" rel=\"noopener\">www.onlineberatung.imma.de<\/a><\/p>\n<hr \/>\n<p><img loading=\"lazy\" decoding=\"async\" class=\"alignnone wp-image-1692 size-medium\" src=\"https:\/\/sicherewiesn.de\/wordpress\/wp-content\/uploads\/2023\/04\/FNR_Logo_hohe-Aufloesung1-300x103.jpg\" alt=\"\" width=\"300\" height=\"103\" srcset=\"https:\/\/sicherewiesn.de\/wordpress\/wp-content\/uploads\/2023\/04\/FNR_Logo_hohe-Aufloesung1-300x103.jpg 300w, https:\/\/sicherewiesn.de\/wordpress\/wp-content\/uploads\/2023\/04\/FNR_Logo_hohe-Aufloesung1-1024x350.jpg 1024w, https:\/\/sicherewiesn.de\/wordpress\/wp-content\/uploads\/2023\/04\/FNR_Logo_hohe-Aufloesung1-768x263.jpg 768w, https:\/\/sicherewiesn.de\/wordpress\/wp-content\/uploads\/2023\/04\/FNR_Logo_hohe-Aufloesung1-1536x526.jpg 1536w, https:\/\/sicherewiesn.de\/wordpress\/wp-content\/uploads\/2023\/04\/FNR_Logo_hohe-Aufloesung1.jpg 1984w\" sizes=\"auto, (max-width: 300px) 100vw, 300px\" \/><\/p>\n<p>Nett gemeinter Flirt oder sexuelle Bel\u00e4stigung \u2013 den Unterschied merken Sie genau!<\/p>\n<p>Geht es Ihnen nach einer Bel\u00e4stigung oder einem \u00dcbergriff auf dem Oktoberfest nicht gut, dann k\u00f6nnen Sie sich an die Beratungsstelle Frauennotruf M\u00fcnchen wenden. Wir beraten, informieren und unterst\u00fctzen Sie telefonisch, per E-Mail <a href=\"mailto:info@frauennotrufmuenchen.de\">info@frauennotrufmuenchen.de<\/a> oder pers\u00f6nlich in unserer Beratungsstelle.<\/p>\n<h2>Telefonische Beratung<\/h2>\n<p><strong>Telefon: 089 \u2013 76 37 37<\/strong><br \/>\nMontag bis Freitag von 10-13 Uhr und 15-21 Uhr<br \/>\nau\u00dfer Mittwoch: 10-13 Uhr und 18-21 Uhr<\/p>\n<p>Am Wochenende und an Feiertagen ist das Telefon<strong> nicht<\/strong> besetzt.<\/p>\n<h2 data-lineheight=\"25px\" data-fontsize=\"25.002\">Pers\u00f6nliche Beratung<\/h2>\n<p>Montag \u2013 Donnerstag von 10 bis 18 Uhr<\/p>\n<p>Freitag von 10 bis 15 Uhr<\/p>\n<p>Wir bitten um Terminvereinbarung.<\/p>\n<p>Frauennotruf M\u00fcnchen<br \/>\nSaarstra\u00dfe 5<br \/>\n80797 M\u00fcnchen<\/p>\n<p><a href=\"http:\/\/www.frauennotrufmuenchen.de\">www.frauennotrufmuenchen.de<\/a><\/p>\n<h3>Akutversorgung bei Vergewaltigung<\/h3>\n<p>In M\u00fcnchen gibt es sieben Frauenkliniken, die die Akutversorgung und auf Wunsch auch die vertrauliche Spurensicherung nach Vergewaltigung nach einheitlichen Standards durchf\u00fchren. Alle Informationen dazu findest\u00a0 du hier: <a href=\"https:\/\/www.muenchen.de\/leben\/erste-hilfe-nach-vergewaltigung-unterstuetzung-fuer-betroffene\" target=\"_blank\" rel=\"noopener\">https:\/\/www.muenchen.de\/leben\/erste-hilfe-nach-vergewaltigung-unterstuetzung-fuer-betroffene<\/a>.<\/p>\n<p>Zudem kannst du <a href=\"https:\/\/sicherewiesn.de\/wordpress\/wp-content\/uploads\/2024\/08\/Dokumentationsbogen_Dez._2023.pdf\">hier einen aktuellen Dokumentationsbogen f\u00fcr \u00c4rzt*innen herunter laden.<\/a><\/p>\n<hr \/>\n<p><em>F\u00fcr M\u00e4dchen* und Frauen* au\u00dferhalb M\u00fcnchens:<\/em><\/p>\n<p><img loading=\"lazy\" decoding=\"async\" class=\"alignnone size-medium wp-image-2016\" src=\"https:\/\/sicherewiesn.de\/wordpress\/wp-content\/uploads\/2024\/09\/Hilfetelefon-wbm-rgb-voll-300x144.jpg\" alt=\"\" width=\"300\" height=\"144\" srcset=\"https:\/\/sicherewiesn.de\/wordpress\/wp-content\/uploads\/2024\/09\/Hilfetelefon-wbm-rgb-voll-300x144.jpg 300w, https:\/\/sicherewiesn.de\/wordpress\/wp-content\/uploads\/2024\/09\/Hilfetelefon-wbm-rgb-voll.jpg 555w\" sizes=\"auto, (max-width: 300px) 100vw, 300px\" \/><\/p>\n<p>Das Hilfetelefon \u201eGewalt gegen Frauen\u201c ber\u00e4t von Gewalt betroffene Frauen unter der Rufnummer 116 016 und online auf <a href=\"http:\/\/www.hilfetelefon.de\">www.hilfetelefon.de<\/a> zu allen Formen von Gewalt \u2013 rund um die Uhr und kostenfrei. Die Beratung erfolgt anonym, vertraulich, barrierefrei und in 18 Fremdsprachen. Auf Wunsch vermitteln die Beraterinnen an eine Unterst\u00fctzungseinrichtung vor Ort. Auch Menschen aus dem sozialem Umfeld Betroffener und Fachkr\u00e4fte k\u00f6nnen das Beratungsangebot in Anspruch nehmen.<\/p>\n<hr \/>\n<p><a href=\"\/\/sicherewiesn.de\/wordpress\/\">\u2039 zur\u00fcck zur Startseite<\/a><\/p>\n<div class=\"shariff shariff-align-left shariff-widget-align-left\" data-services=\"facebook\" data-url=\"https:\/\/sicherewiesn.de\/wordpress\/weitere-hilfe\/beratung\/\" data-timestamp=\"1754900555\" data-backendurl=\"https:\/\/sicherewiesn.de\/wordpress\/wp-json\/shariff\/v1\/share_counts?\"><div class=\"ShariffHeadline\">Teile diesen Beitrag<\/div><ul class=\"shariff-buttons theme-round orientation-horizontal buttonsize-medium\"><li class=\"shariff-button facebook shariff-nocustomcolor\" style=\"background-color:#4273c8\"><a href=\"https:\/\/www.facebook.com\/sharer\/sharer.php?u=https%3A%2F%2Fsicherewiesn.de%2Fwordpress%2Fweitere-hilfe%2Fberatung%2F\" title=\"Bei Facebook teilen\" aria-label=\"Bei Facebook teilen\" role=\"button\" rel=\"nofollow\" class=\"shariff-link\" style=\"; background-color:#3b5998; color:#fff\" target=\"_blank\"><span class=\"shariff-icon\" style=\"\"><svg width=\"32px\" height=\"20px\" xmlns=\"http:\/\/www.w3.org\/2000\/svg\" viewBox=\"0 0 18 32\"><path fill=\"#3b5998\" d=\"M17.1 0.2v4.7h-2.8q-1.5 0-2.1 0.6t-0.5 1.9v3.4h5.2l-0.7 5.3h-4.5v13.6h-5.5v-13.6h-4.5v-5.3h4.5v-3.9q0-3.3 1.9-5.2t5-1.8q2.6 0 4.1 0.2z\"\/><\/svg><\/span><\/a><\/li><li class=\"shariff-button twitter shariff-nocustomcolor\" style=\"background-color:#595959\"><a href=\"https:\/\/twitter.com\/share?url=https%3A%2F%2Fsicherewiesn.de%2Fwordpress%2Fweitere-hilfe%2Fberatung%2F&text=Beratung\" title=\"Bei X teilen\" aria-label=\"Bei X teilen\" role=\"button\" rel=\"noopener nofollow\" class=\"shariff-link\" style=\"; background-color:#000; color:#fff\" target=\"_blank\"><span class=\"shariff-icon\" style=\"\"><svg width=\"32px\" height=\"20px\" xmlns=\"http:\/\/www.w3.org\/2000\/svg\" viewBox=\"0 0 24 24\"><path fill=\"#000\" d=\"M14.258 10.152L23.176 0h-2.113l-7.747 8.813L7.133 0H0l9.352 13.328L0 23.973h2.113l8.176-9.309 6.531 9.309h7.133zm-2.895 3.293l-.949-1.328L2.875 1.56h3.246l6.086 8.523.945 1.328 7.91 11.078h-3.246zm0 0\"\/><\/svg><\/span><\/a><\/li><li class=\"shariff-button whatsapp shariff-nocustomcolor\" style=\"background-color:#5cbe4a\"><a href=\"https:\/\/api.whatsapp.com\/send?text=https%3A%2F%2Fsicherewiesn.de%2Fwordpress%2Fweitere-hilfe%2Fberatung%2F%20Beratung\" title=\"Bei Whatsapp teilen\" aria-label=\"Bei Whatsapp teilen\" role=\"button\" rel=\"noopener nofollow\" class=\"shariff-link\" style=\"; background-color:#34af23; color:#fff\" target=\"_blank\"><span class=\"shariff-icon\" style=\"\"><svg width=\"32px\" height=\"20px\" xmlns=\"http:\/\/www.w3.org\/2000\/svg\" viewBox=\"0 0 32 32\"><path fill=\"#34af23\" d=\"M17.6 17.4q0.2 0 1.7 0.8t1.6 0.9q0 0.1 0 0.3 0 0.6-0.3 1.4-0.3 0.7-1.3 1.2t-1.8 0.5q-1 0-3.4-1.1-1.7-0.8-3-2.1t-2.6-3.3q-1.3-1.9-1.3-3.5v-0.1q0.1-1.6 1.3-2.8 0.4-0.4 0.9-0.4 0.1 0 0.3 0t0.3 0q0.3 0 0.5 0.1t0.3 0.5q0.1 0.4 0.6 1.6t0.4 1.3q0 0.4-0.6 1t-0.6 0.8q0 0.1 0.1 0.3 0.6 1.3 1.8 2.4 1 0.9 2.7 1.8 0.2 0.1 0.4 0.1 0.3 0 1-0.9t0.9-0.9zM14 26.9q2.3 0 4.3-0.9t3.6-2.4 2.4-3.6 0.9-4.3-0.9-4.3-2.4-3.6-3.6-2.4-4.3-0.9-4.3 0.9-3.6 2.4-2.4 3.6-0.9 4.3q0 3.6 2.1 6.6l-1.4 4.2 4.3-1.4q2.8 1.9 6.2 1.9zM14 2.2q2.7 0 5.2 1.1t4.3 2.9 2.9 4.3 1.1 5.2-1.1 5.2-2.9 4.3-4.3 2.9-5.2 1.1q-3.5 0-6.5-1.7l-7.4 2.4 2.4-7.2q-1.9-3.2-1.9-6.9 0-2.7 1.1-5.2t2.9-4.3 4.3-2.9 5.2-1.1z\"\/><\/svg><\/span><\/a><\/li><\/ul><\/div>","protected":false},"excerpt":{"rendered":"<p>Hier erh\u00e4ltst du auch nach den Oktoberfest Beratung und Unterst\u00fctzung: Wenn Dir auf dem Oktoberfest etwas Bl\u00f6des passiert ist und Du mit jemandem sprechen willst, sind wir f\u00fcr Dich da. Wir beraten Dich kostenfrei, auch anonym und ohne Wissen Deiner Eltern bei allen Themen, die Dich besch\u00e4ftigen. Beratungsstelle f\u00fcr M\u00e4dchen* und junge Frauen* IMMA e.V. &#8230; <a title=\"Beratung\" class=\"read-more\" href=\"https:\/\/sicherewiesn.de\/wordpress\/weitere-hilfe\/beratung\/\" aria-label=\"Mehr Informationen \u00fcber Beratung\">Weiterlesen &#8230;<\/a><\/p>\n","protected":false},"author":1,"featured_media":0,"parent":141,"menu_order":1,"comment_status":"closed","ping_status":"closed","template":"","meta":{"generate_page_header":"","footnotes":""},"class_list":{"0":"post-105","1":"page","2":"type-page","3":"status-publish","5":"infinite-scroll-item"},"_links":{"self":[{"href":"https:\/\/sicherewiesn.de\/wordpress\/wp-json\/wp\/v2\/pages\/105","targetHints":{"allow":["GET"]}}],"collection":[{"href":"https:\/\/sicherewiesn.de\/wordpress\/wp-json\/wp\/v2\/pages"}],"about":[{"href":"https:\/\/sicherewiesn.de\/wordpress\/wp-json\/wp\/v2\/types\/page"}],"author":[{"embeddable":true,"href":"https:\/\/sicherewiesn.de\/wordpress\/wp-json\/wp\/v2\/users\/1"}],"replies":[{"embeddable":true,"href":"https:\/\/sicherewiesn.de\/wordpress\/wp-json\/wp\/v2\/comments?post=105"}],"version-history":[{"count":16,"href":"https:\/\/sicherewiesn.de\/wordpress\/wp-json\/wp\/v2\/pages\/105\/revisions"}],"predecessor-version":[{"id":2185,"href":"https:\/\/sicherewiesn.de\/wordpress\/wp-json\/wp\/v2\/pages\/105\/revisions\/2185"}],"up":[{"embeddable":true,"href":"https:\/\/sicherewiesn.de\/wordpress\/wp-json\/wp\/v2\/pages\/141"}],"wp:attachment":[{"href":"https:\/\/sicherewiesn.de\/wordpress\/wp-json\/wp\/v2\/media?parent=105"}],"curies":[{"name":"wp","href":"https:\/\/api.w.org\/{rel}","templated":true}]}}