{"id":103,"date":"2016-06-17T06:38:21","date_gmt":"2016-06-17T06:38:21","guid":{"rendered":"http:\/\/sicherewiesn.de\/wordpress\/?page_id=103"},"modified":"2025-08-11T08:29:49","modified_gmt":"2025-08-11T08:29:49","slug":"anzeige-erstatten","status":"publish","type":"page","link":"https:\/\/sicherewiesn.de\/wordpress\/weitere-hilfe\/anzeige-erstatten\/","title":{"rendered":"Anzeige erstatten: ja oder nein?"},"content":{"rendered":"<p>Du \u00fcberlegst, ob du eine Anzeige erstellen willst? Dazu erh\u00e4ltst du hier ein paar grundlegende Informationen. Diese sind f\u00fcr den ersten \u00dcberblick gedacht. <strong>In jedem Fall solltest du eine professionelle <a href=\"\/\/sicherewiesn.de\/wordpress\/de\/weitere-hilfe\/beratung\/\">Beratung<\/a> aufsuchen!<\/strong><\/p>\n<h2>Rechtliche M\u00f6glichkeiten<\/h2>\n<p>Vergewaltigung und sexuelle N\u00f6tigung sind Straftaten gegen die sexuelle Selbstbestimmung. Die Verfolgung einer solchen Straftat ist innerhalb bestimmter Fristen m\u00f6glich, so genannter Verj\u00e4hrungsfristen. Diese bel\u00e4uft sich je nach Tat zwischen 3 und 20 Jahren. Du allein entscheidest, ob du eine Anzeige machen m\u00f6chtest oder nicht. Lass dir f\u00fcr diese Entscheidung die Zeit, die du brauchst. Wichtig f\u00fcr dich zu wissen: Straftaten gegen die sexuelle Selbstbestimmung, wie z.B. sexuelle N\u00f6tigung\/Vergewaltigung sind Offizialdelikte, das hei\u00dft, eine einmal erstattete Anzeige kann nicht mehr zur\u00fcckgenommen werden; sobald die Polizei oder Staatsanwaltschaft von der Straftat erf\u00e4hrt \u2013 egal von wem \u2013 muss sie ermitteln.<br \/>\nEine fr\u00fchzeitige Anzeige erh\u00f6ht die Wahrscheinlichkeit, dass die Polizei den T\u00e4ter ermitteln kann.<\/p>\n<p>Zur Anzeigenerstattung wendest du dich entweder an die Wiesnwache auf dem Oktoberfest im Servicezentrum\u2013 dies ist sinnvoll, wenn du unmittelbar nach dem \u00dcbergriff Anzeige erstatten willst \u2013 oder direkt an das <strong>Fachkommissariat Straftaten gegen sexuelle Selbstbestimmung<\/strong>. Du findest es in M\u00fcnchen in der<strong> Hansastra\u00dfe 24.<\/strong> Tel: <strong>089\/ 630 07 40 15<\/strong>. Dort erfolgt dann eine ausf\u00fchrliche Befragung zur Tatsituation durch eine Polizeibeamtin oder einen Beamten des Fachkommissariats.<\/p>\n<h2>Wichtige Hinweise<\/h2>\n<p><strong>Ged\u00e4chtnisst\u00fctze<\/strong><\/p>\n<p>Auch wenn du dir nicht sicher bist, ob du den*die T\u00e4ter*in anzeigen willst, solltest du dir als Erinnerungsst\u00fctze ein schriftliches Ged\u00e4chtnisprotokoll erstellen, damit du sp\u00e4ter noch genaue Angaben zum Tathergang machen kannst. Auch scheinbar unwichtige Nebensachen k\u00f6nnen von Bedeutung sein.<strong><br \/>\n<\/strong><\/p>\n<p><strong>Beweisst\u00fccke und gyn\u00e4kologische Untersuchung<br \/>\n<\/strong><\/p>\n<p>W\u00e4sche, Kleidung oder andere Gegenst\u00e4nde k\u00f6nnen wichtige Beweisst\u00fccke in einem Strafverfahren sein. Auch wenn es dir schwer f\u00e4llt, solltest du deshalb m\u00f6gliche Beweisst\u00fccke ungewaschen, trocken und getrennt in Papiert\u00fcten verpacken.<\/p>\n<p>Lass dich in jedem Fall untersuchen, auch wenn du noch nicht sicher bist, ob du Anzeige erstatten m\u00f6chtest! So bleibt dir auch noch sp\u00e4ter die M\u00f6glichkeit, Anzeige zu erstatten &#8211; einmal verlorengegangene Beweise sind nicht mehr zur\u00fcck zu holen.<\/p>\n<p>Untersuchen lassen kannst du dich im Rahmen der Aktuversorgung. Dort bist du in besten H\u00e4nden und man wird dich r\u00fccksichtsvoll und professionell behandeln. Alle Informationen hierzu findest du hier:\u00a0<a href=\"https:\/\/www.muenchen.de\/leben\/erste-hilfe-nach-vergewaltigung-unterstuetzung-fuer-betroffene\" target=\"_blank\" rel=\"noopener\">https:\/\/www.muenchen.de\/leben\/erste-hilfe-nach-vergewaltigung-unterstuetzung-fuer-betroffene<\/a><\/p>\n<p>Hier findet deine \u00c4rztin Formulare zur Unterst\u00fctzung:\u00a0<a href=\"https:\/\/frauennotruf-muenchen.de\/start-download\/dokumentationsbogen-untersuchung-und-spurensicherung-nach-koerperlicher-sexualisierter-gewalt\" target=\"_blank\" rel=\"noopener\">https:\/\/frauennotruf-muenchen.de\/start-download\/dokumentationsbogen-untersuchung-und-spurensicherung-nach-koerperlicher-sexualisierter-gewalt<\/a><\/p>\n<p>Wichtig: Wasche dich vor der \u00e4rztlichen Untersuchung nicht, auch wenn dir das sicherlich schwer f\u00e4llt!<\/p>\n<p>Wenn du m\u00f6chtest kannst du zur Untersuchung auch zu deiner vertrauten Frauen\u00e4rztin gehen. Hier findet deine \u00c4rztin Formulare zur Unterst\u00fctzung.<\/p>\n<p>Lass dich, wenn m\u00f6glich, von einer Freundin oder Vertrauensperson begleiten.<\/p>\n<p>Du kannst dich auch f\u00fcr ein paar Tage krankschreiben lassen, wenn du nach der Untersuchung etwas Zeit f\u00fcr dich brauchst.<\/p>\n<p>Ausf\u00fchrliche Informationen zum Themengebiet findest du auch auf der Homepage der Beratungsstelle Frauen*notruf:\u00a0<a href=\"https:\/\/frauennotruf-muenchen.de\/erste-hilfe-informationen-fuer-betroffene\/\" target=\"_blank\" rel=\"noopener\">https:\/\/frauennotruf-muenchen.de\/erste-hilfe-informationen-fuer-betroffene\/<\/a><\/p>\n<hr \/>\n<p><a href=\"\/\/sicherewiesn.de\/wordpress\/\">\u2039 zur\u00fcck zur Startseite<\/a><\/p>\n<div class=\"shariff shariff-align-left shariff-widget-align-left\" data-services=\"facebook\" data-url=\"https:\/\/sicherewiesn.de\/wordpress\/weitere-hilfe\/anzeige-erstatten\/\" data-timestamp=\"1754900989\" data-backendurl=\"https:\/\/sicherewiesn.de\/wordpress\/wp-json\/shariff\/v1\/share_counts?\"><div class=\"ShariffHeadline\">Teile diesen Beitrag<\/div><ul class=\"shariff-buttons theme-round orientation-horizontal buttonsize-medium\"><li class=\"shariff-button facebook shariff-nocustomcolor\" style=\"background-color:#4273c8\"><a href=\"https:\/\/www.facebook.com\/sharer\/sharer.php?u=https%3A%2F%2Fsicherewiesn.de%2Fwordpress%2Fweitere-hilfe%2Fanzeige-erstatten%2F\" title=\"Bei Facebook teilen\" aria-label=\"Bei Facebook teilen\" role=\"button\" rel=\"nofollow\" class=\"shariff-link\" style=\"; background-color:#3b5998; color:#fff\" target=\"_blank\"><span class=\"shariff-icon\" style=\"\"><svg width=\"32px\" height=\"20px\" xmlns=\"http:\/\/www.w3.org\/2000\/svg\" viewBox=\"0 0 18 32\"><path fill=\"#3b5998\" d=\"M17.1 0.2v4.7h-2.8q-1.5 0-2.1 0.6t-0.5 1.9v3.4h5.2l-0.7 5.3h-4.5v13.6h-5.5v-13.6h-4.5v-5.3h4.5v-3.9q0-3.3 1.9-5.2t5-1.8q2.6 0 4.1 0.2z\"\/><\/svg><\/span><\/a><\/li><li class=\"shariff-button twitter shariff-nocustomcolor\" style=\"background-color:#595959\"><a href=\"https:\/\/twitter.com\/share?url=https%3A%2F%2Fsicherewiesn.de%2Fwordpress%2Fweitere-hilfe%2Fanzeige-erstatten%2F&text=Anzeige%20erstatten%3A%20ja%20oder%20nein%3F\" title=\"Bei X teilen\" aria-label=\"Bei X teilen\" role=\"button\" rel=\"noopener nofollow\" class=\"shariff-link\" style=\"; background-color:#000; color:#fff\" target=\"_blank\"><span class=\"shariff-icon\" style=\"\"><svg width=\"32px\" height=\"20px\" xmlns=\"http:\/\/www.w3.org\/2000\/svg\" viewBox=\"0 0 24 24\"><path fill=\"#000\" d=\"M14.258 10.152L23.176 0h-2.113l-7.747 8.813L7.133 0H0l9.352 13.328L0 23.973h2.113l8.176-9.309 6.531 9.309h7.133zm-2.895 3.293l-.949-1.328L2.875 1.56h3.246l6.086 8.523.945 1.328 7.91 11.078h-3.246zm0 0\"\/><\/svg><\/span><\/a><\/li><li class=\"shariff-button whatsapp shariff-nocustomcolor\" style=\"background-color:#5cbe4a\"><a href=\"https:\/\/api.whatsapp.com\/send?text=https%3A%2F%2Fsicherewiesn.de%2Fwordpress%2Fweitere-hilfe%2Fanzeige-erstatten%2F%20Anzeige%20erstatten%3A%20ja%20oder%20nein%3F\" title=\"Bei Whatsapp teilen\" aria-label=\"Bei Whatsapp teilen\" role=\"button\" rel=\"noopener nofollow\" class=\"shariff-link\" style=\"; background-color:#34af23; color:#fff\" target=\"_blank\"><span class=\"shariff-icon\" style=\"\"><svg width=\"32px\" height=\"20px\" xmlns=\"http:\/\/www.w3.org\/2000\/svg\" viewBox=\"0 0 32 32\"><path fill=\"#34af23\" d=\"M17.6 17.4q0.2 0 1.7 0.8t1.6 0.9q0 0.1 0 0.3 0 0.6-0.3 1.4-0.3 0.7-1.3 1.2t-1.8 0.5q-1 0-3.4-1.1-1.7-0.8-3-2.1t-2.6-3.3q-1.3-1.9-1.3-3.5v-0.1q0.1-1.6 1.3-2.8 0.4-0.4 0.9-0.4 0.1 0 0.3 0t0.3 0q0.3 0 0.5 0.1t0.3 0.5q0.1 0.4 0.6 1.6t0.4 1.3q0 0.4-0.6 1t-0.6 0.8q0 0.1 0.1 0.3 0.6 1.3 1.8 2.4 1 0.9 2.7 1.8 0.2 0.1 0.4 0.1 0.3 0 1-0.9t0.9-0.9zM14 26.9q2.3 0 4.3-0.9t3.6-2.4 2.4-3.6 0.9-4.3-0.9-4.3-2.4-3.6-3.6-2.4-4.3-0.9-4.3 0.9-3.6 2.4-2.4 3.6-0.9 4.3q0 3.6 2.1 6.6l-1.4 4.2 4.3-1.4q2.8 1.9 6.2 1.9zM14 2.2q2.7 0 5.2 1.1t4.3 2.9 2.9 4.3 1.1 5.2-1.1 5.2-2.9 4.3-4.3 2.9-5.2 1.1q-3.5 0-6.5-1.7l-7.4 2.4 2.4-7.2q-1.9-3.2-1.9-6.9 0-2.7 1.1-5.2t2.9-4.3 4.3-2.9 5.2-1.1z\"\/><\/svg><\/span><\/a><\/li><\/ul><\/div>","protected":false},"excerpt":{"rendered":"<p>Du \u00fcberlegst, ob du eine Anzeige erstellen willst? Dazu erh\u00e4ltst du hier ein paar grundlegende Informationen. Diese sind f\u00fcr den ersten \u00dcberblick gedacht. In jedem Fall solltest du eine professionelle Beratung aufsuchen! Rechtliche M\u00f6glichkeiten Vergewaltigung und sexuelle N\u00f6tigung sind Straftaten gegen die sexuelle Selbstbestimmung. Die Verfolgung einer solchen Straftat ist innerhalb bestimmter Fristen m\u00f6glich, so &#8230; <a title=\"Anzeige erstatten: ja oder nein?\" class=\"read-more\" href=\"https:\/\/sicherewiesn.de\/wordpress\/weitere-hilfe\/anzeige-erstatten\/\" aria-label=\"Mehr Informationen \u00fcber Anzeige erstatten: ja oder nein?\">Weiterlesen &#8230;<\/a><\/p>\n","protected":false},"author":1,"featured_media":0,"parent":141,"menu_order":0,"comment_status":"closed","ping_status":"closed","template":"","meta":{"generate_page_header":"","footnotes":""},"class_list":{"0":"post-103","1":"page","2":"type-page","3":"status-publish","5":"infinite-scroll-item"},"_links":{"self":[{"href":"https:\/\/sicherewiesn.de\/wordpress\/wp-json\/wp\/v2\/pages\/103","targetHints":{"allow":["GET"]}}],"collection":[{"href":"https:\/\/sicherewiesn.de\/wordpress\/wp-json\/wp\/v2\/pages"}],"about":[{"href":"https:\/\/sicherewiesn.de\/wordpress\/wp-json\/wp\/v2\/types\/page"}],"author":[{"embeddable":true,"href":"https:\/\/sicherewiesn.de\/wordpress\/wp-json\/wp\/v2\/users\/1"}],"replies":[{"embeddable":true,"href":"https:\/\/sicherewiesn.de\/wordpress\/wp-json\/wp\/v2\/comments?post=103"}],"version-history":[{"count":15,"href":"https:\/\/sicherewiesn.de\/wordpress\/wp-json\/wp\/v2\/pages\/103\/revisions"}],"predecessor-version":[{"id":2187,"href":"https:\/\/sicherewiesn.de\/wordpress\/wp-json\/wp\/v2\/pages\/103\/revisions\/2187"}],"up":[{"embeddable":true,"href":"https:\/\/sicherewiesn.de\/wordpress\/wp-json\/wp\/v2\/pages\/141"}],"wp:attachment":[{"href":"https:\/\/sicherewiesn.de\/wordpress\/wp-json\/wp\/v2\/media?parent=103"}],"curies":[{"name":"wp","href":"https:\/\/api.w.org\/{rel}","templated":true}]}}