{"id":101,"date":"2016-06-17T06:38:02","date_gmt":"2016-06-17T06:38:02","guid":{"rendered":"http:\/\/sicherewiesn.de\/wordpress\/?page_id=101"},"modified":"2023-07-17T07:54:27","modified_gmt":"2023-07-17T07:54:27","slug":"fahrdienst","status":"publish","type":"page","link":"https:\/\/sicherewiesn.de\/wordpress\/hilfe-vor-ort\/fahrdienst\/","title":{"rendered":"Fahrdienst f\u00fcr M\u00e4dchen* und Frauen*"},"content":{"rendered":"\n<p>Wenn&nbsp; du dich in einer Notsituation befindest, gibt es die M\u00f6glichkeit, unseren Fahrdienst in Anspruch zu nehmen.<\/p>\n\n\n\n<p>Wenn du angegriffen oder bel\u00e4stigt worden bist und die Beratung des Teams am Safe Space in Anspruch genommen hast, k\u00f6nnen wir dich u.U. sogar im&nbsp; Stadtgebiet M\u00fcnchen nach Hause fahren!<\/p>\n\n\n\n<figure class=\"wp-block-image\"><img loading=\"lazy\" decoding=\"async\" width=\"225\" height=\"300\" src=\"https:\/\/sicherewiesn.de\/wordpress\/wp-content\/uploads\/2023\/04\/Fahrdienst-225x300.jpg\" alt=\"\" class=\"wp-image-1689\" srcset=\"https:\/\/sicherewiesn.de\/wordpress\/wp-content\/uploads\/2023\/04\/Fahrdienst-225x300.jpg 225w, https:\/\/sicherewiesn.de\/wordpress\/wp-content\/uploads\/2023\/04\/Fahrdienst-768x1024.jpg 768w, https:\/\/sicherewiesn.de\/wordpress\/wp-content\/uploads\/2023\/04\/Fahrdienst-1152x1536.jpg 1152w, https:\/\/sicherewiesn.de\/wordpress\/wp-content\/uploads\/2023\/04\/Fahrdienst.jpg 1200w\" sizes=\"auto, (max-width: 225px) 100vw, 225px\" \/><\/figure>\n\n\n\n<p>Du findest den <a href=\"\/\/sicherewiesn.de\/wordpress\/de\/hilfe-vor-ort\/security-point\/\">Safe Space <\/a>im &#8222;Servicezentrum&#8220; auf der Theresienwiese, Eingang &#8222;Erste Hilfe&#8220;. Wenn du dort ankommst, wirst du am Eingang von uns im Empfang genommen. Hier geht es zum <a href=\"\/\/sicherewiesn.de\/wordpress\/de\/hilfe-vor-ort\/lageplan\/\">Lageplan<\/a>.<strong><br><\/strong><\/p>\n\n\n\n<hr class=\"wp-block-separator has-alpha-channel-opacity\"\/>\n\n\n\n<p><a href=\"\/\/sicherewiesn.de\/wordpress\/\">\u2039 zur\u00fcck zur Startseite<\/a><\/p>\n<div class=\"shariff shariff-align-left shariff-widget-align-left\" data-services=\"facebook\" data-url=\"https:\/\/sicherewiesn.de\/wordpress\/hilfe-vor-ort\/fahrdienst\/\" data-timestamp=\"1689580467\" data-backendurl=\"https:\/\/sicherewiesn.de\/wordpress\/wp-json\/shariff\/v1\/share_counts?\"><div class=\"ShariffHeadline\">Teile diesen Beitrag<\/div><ul class=\"shariff-buttons theme-round orientation-horizontal buttonsize-medium\"><li class=\"shariff-button facebook shariff-nocustomcolor\" style=\"background-color:#4273c8\"><a href=\"https:\/\/www.facebook.com\/sharer\/sharer.php?u=https%3A%2F%2Fsicherewiesn.de%2Fwordpress%2Fhilfe-vor-ort%2Ffahrdienst%2F\" title=\"Bei Facebook teilen\" aria-label=\"Bei Facebook teilen\" role=\"button\" rel=\"nofollow\" class=\"shariff-link\" style=\"; background-color:#3b5998; color:#fff\" target=\"_blank\"><span class=\"shariff-icon\" style=\"\"><svg width=\"32px\" height=\"20px\" xmlns=\"http:\/\/www.w3.org\/2000\/svg\" viewBox=\"0 0 18 32\"><path fill=\"#3b5998\" d=\"M17.1 0.2v4.7h-2.8q-1.5 0-2.1 0.6t-0.5 1.9v3.4h5.2l-0.7 5.3h-4.5v13.6h-5.5v-13.6h-4.5v-5.3h4.5v-3.9q0-3.3 1.9-5.2t5-1.8q2.6 0 4.1 0.2z\"\/><\/svg><\/span><\/a><\/li><li class=\"shariff-button twitter shariff-nocustomcolor\" style=\"background-color:#595959\"><a href=\"https:\/\/twitter.com\/share?url=https%3A%2F%2Fsicherewiesn.de%2Fwordpress%2Fhilfe-vor-ort%2Ffahrdienst%2F&text=Fahrdienst%20f%C3%BCr%20M%C3%A4dchen%2A%20und%20Frauen%2A\" title=\"Bei X teilen\" aria-label=\"Bei X teilen\" role=\"button\" rel=\"noopener nofollow\" class=\"shariff-link\" style=\"; background-color:#000; color:#fff\" target=\"_blank\"><span class=\"shariff-icon\" style=\"\"><svg width=\"32px\" height=\"20px\" xmlns=\"http:\/\/www.w3.org\/2000\/svg\" viewBox=\"0 0 24 24\"><path fill=\"#000\" d=\"M14.258 10.152L23.176 0h-2.113l-7.747 8.813L7.133 0H0l9.352 13.328L0 23.973h2.113l8.176-9.309 6.531 9.309h7.133zm-2.895 3.293l-.949-1.328L2.875 1.56h3.246l6.086 8.523.945 1.328 7.91 11.078h-3.246zm0 0\"\/><\/svg><\/span><\/a><\/li><li class=\"shariff-button whatsapp shariff-nocustomcolor\" style=\"background-color:#5cbe4a\"><a href=\"https:\/\/api.whatsapp.com\/send?text=https%3A%2F%2Fsicherewiesn.de%2Fwordpress%2Fhilfe-vor-ort%2Ffahrdienst%2F%20Fahrdienst%20f%C3%BCr%20M%C3%A4dchen%2A%20und%20Frauen%2A\" title=\"Bei Whatsapp teilen\" aria-label=\"Bei Whatsapp teilen\" role=\"button\" rel=\"noopener nofollow\" class=\"shariff-link\" style=\"; background-color:#34af23; color:#fff\" target=\"_blank\"><span class=\"shariff-icon\" style=\"\"><svg width=\"32px\" height=\"20px\" xmlns=\"http:\/\/www.w3.org\/2000\/svg\" viewBox=\"0 0 32 32\"><path fill=\"#34af23\" d=\"M17.6 17.4q0.2 0 1.7 0.8t1.6 0.9q0 0.1 0 0.3 0 0.6-0.3 1.4-0.3 0.7-1.3 1.2t-1.8 0.5q-1 0-3.4-1.1-1.7-0.8-3-2.1t-2.6-3.3q-1.3-1.9-1.3-3.5v-0.1q0.1-1.6 1.3-2.8 0.4-0.4 0.9-0.4 0.1 0 0.3 0t0.3 0q0.3 0 0.5 0.1t0.3 0.5q0.1 0.4 0.6 1.6t0.4 1.3q0 0.4-0.6 1t-0.6 0.8q0 0.1 0.1 0.3 0.6 1.3 1.8 2.4 1 0.9 2.7 1.8 0.2 0.1 0.4 0.1 0.3 0 1-0.9t0.9-0.9zM14 26.9q2.3 0 4.3-0.9t3.6-2.4 2.4-3.6 0.9-4.3-0.9-4.3-2.4-3.6-3.6-2.4-4.3-0.9-4.3 0.9-3.6 2.4-2.4 3.6-0.9 4.3q0 3.6 2.1 6.6l-1.4 4.2 4.3-1.4q2.8 1.9 6.2 1.9zM14 2.2q2.7 0 5.2 1.1t4.3 2.9 2.9 4.3 1.1 5.2-1.1 5.2-2.9 4.3-4.3 2.9-5.2 1.1q-3.5 0-6.5-1.7l-7.4 2.4 2.4-7.2q-1.9-3.2-1.9-6.9 0-2.7 1.1-5.2t2.9-4.3 4.3-2.9 5.2-1.1z\"\/><\/svg><\/span><\/a><\/li><\/ul><\/div>","protected":false},"excerpt":{"rendered":"<p>Wenn&nbsp; du dich in einer Notsituation befindest, gibt es die M\u00f6glichkeit, unseren Fahrdienst in Anspruch zu nehmen. Wenn du angegriffen oder bel\u00e4stigt worden bist und die Beratung des Teams am Safe Space in Anspruch genommen hast, k\u00f6nnen wir dich u.U. sogar im&nbsp; Stadtgebiet M\u00fcnchen nach Hause fahren! Du findest den Safe Space im &#8222;Servicezentrum&#8220; auf &#8230; <a title=\"Fahrdienst f\u00fcr M\u00e4dchen* und Frauen*\" class=\"read-more\" href=\"https:\/\/sicherewiesn.de\/wordpress\/hilfe-vor-ort\/fahrdienst\/\" aria-label=\"Mehr Informationen \u00fcber Fahrdienst f\u00fcr M\u00e4dchen* und Frauen*\">Weiterlesen &#8230;<\/a><\/p>\n","protected":false},"author":1,"featured_media":0,"parent":139,"menu_order":2,"comment_status":"closed","ping_status":"closed","template":"","meta":{"generate_page_header":"","footnotes":""},"class_list":{"0":"post-101","1":"page","2":"type-page","3":"status-publish","5":"infinite-scroll-item"},"_links":{"self":[{"href":"https:\/\/sicherewiesn.de\/wordpress\/wp-json\/wp\/v2\/pages\/101","targetHints":{"allow":["GET"]}}],"collection":[{"href":"https:\/\/sicherewiesn.de\/wordpress\/wp-json\/wp\/v2\/pages"}],"about":[{"href":"https:\/\/sicherewiesn.de\/wordpress\/wp-json\/wp\/v2\/types\/page"}],"author":[{"embeddable":true,"href":"https:\/\/sicherewiesn.de\/wordpress\/wp-json\/wp\/v2\/users\/1"}],"replies":[{"embeddable":true,"href":"https:\/\/sicherewiesn.de\/wordpress\/wp-json\/wp\/v2\/comments?post=101"}],"version-history":[{"count":9,"href":"https:\/\/sicherewiesn.de\/wordpress\/wp-json\/wp\/v2\/pages\/101\/revisions"}],"predecessor-version":[{"id":1743,"href":"https:\/\/sicherewiesn.de\/wordpress\/wp-json\/wp\/v2\/pages\/101\/revisions\/1743"}],"up":[{"embeddable":true,"href":"https:\/\/sicherewiesn.de\/wordpress\/wp-json\/wp\/v2\/pages\/139"}],"wp:attachment":[{"href":"https:\/\/sicherewiesn.de\/wordpress\/wp-json\/wp\/v2\/media?parent=101"}],"curies":[{"name":"wp","href":"https:\/\/api.w.org\/{rel}","templated":true}]}}